{"id":1618,"date":"2021-05-15T13:59:24","date_gmt":"2021-05-15T11:59:24","guid":{"rendered":"http:\/\/drsolz.de\/?page_id=1618"},"modified":"2021-12-25T20:21:44","modified_gmt":"2021-12-25T19:21:44","slug":"fettabsaugung","status":"publish","type":"page","link":"https:\/\/drsolz.de\/en\/fettabsaugung\/","title":{"rendered":"Liposuction"},"content":{"rendered":"\t\t<div data-elementor-type=\"wp-page\" data-elementor-id=\"1618\" class=\"elementor elementor-1618\" data-elementor-post-type=\"page\">\n\t\t\t\t\t\t<section class=\"elementor-section elementor-top-section elementor-element elementor-element-02c6bdc elementor-section-boxed elementor-section-height-default elementor-section-height-default\" data-id=\"02c6bdc\" data-element_type=\"section\" data-e-type=\"section\" data-settings=\"{&quot;jet_parallax_layout_list&quot;:[{&quot;jet_parallax_layout_image&quot;:{&quot;url&quot;:&quot;&quot;,&quot;id&quot;:&quot;&quot;,&quot;size&quot;:&quot;&quot;},&quot;_id&quot;:&quot;7f7f3f8&quot;,&quot;jet_parallax_layout_image_tablet&quot;:{&quot;url&quot;:&quot;&quot;,&quot;id&quot;:&quot;&quot;,&quot;size&quot;:&quot;&quot;},&quot;jet_parallax_layout_image_mobile&quot;:{&quot;url&quot;:&quot;&quot;,&quot;id&quot;:&quot;&quot;,&quot;size&quot;:&quot;&quot;},&quot;jet_parallax_layout_speed&quot;:{&quot;unit&quot;:&quot;%&quot;,&quot;size&quot;:50,&quot;sizes&quot;:[]},&quot;jet_parallax_layout_type&quot;:&quot;scroll&quot;,&quot;jet_parallax_layout_direction&quot;:&quot;1&quot;,&quot;jet_parallax_layout_fx_direction&quot;:null,&quot;jet_parallax_layout_z_index&quot;:&quot;&quot;,&quot;jet_parallax_layout_bg_x&quot;:50,&quot;jet_parallax_layout_bg_x_tablet&quot;:&quot;&quot;,&quot;jet_parallax_layout_bg_x_mobile&quot;:&quot;&quot;,&quot;jet_parallax_layout_bg_y&quot;:50,&quot;jet_parallax_layout_bg_y_tablet&quot;:&quot;&quot;,&quot;jet_parallax_layout_bg_y_mobile&quot;:&quot;&quot;,&quot;jet_parallax_layout_bg_size&quot;:&quot;auto&quot;,&quot;jet_parallax_layout_bg_size_tablet&quot;:&quot;&quot;,&quot;jet_parallax_layout_bg_size_mobile&quot;:&quot;&quot;,&quot;jet_parallax_layout_animation_prop&quot;:&quot;transform&quot;,&quot;jet_parallax_layout_on&quot;:[&quot;desktop&quot;,&quot;tablet&quot;]}]}\">\n\t\t\t\t\t\t<div class=\"elementor-container elementor-column-gap-default\">\n\t\t\t\t\t<div class=\"elementor-column elementor-col-100 elementor-top-column elementor-element elementor-element-61ed512\" data-id=\"61ed512\" data-element_type=\"column\" data-e-type=\"column\">\n\t\t\t<div class=\"elementor-widget-wrap elementor-element-populated\">\n\t\t\t\t\t\t<section class=\"elementor-section elementor-inner-section elementor-element elementor-element-a87ed73 elementor-section-boxed elementor-section-height-default elementor-section-height-default\" data-id=\"a87ed73\" data-element_type=\"section\" data-e-type=\"section\" data-settings=\"{&quot;jet_parallax_layout_list&quot;:[{&quot;jet_parallax_layout_image&quot;:{&quot;url&quot;:&quot;&quot;,&quot;id&quot;:&quot;&quot;,&quot;size&quot;:&quot;&quot;},&quot;_id&quot;:&quot;f6b7a45&quot;,&quot;jet_parallax_layout_image_tablet&quot;:{&quot;url&quot;:&quot;&quot;,&quot;id&quot;:&quot;&quot;,&quot;size&quot;:&quot;&quot;},&quot;jet_parallax_layout_image_mobile&quot;:{&quot;url&quot;:&quot;&quot;,&quot;id&quot;:&quot;&quot;,&quot;size&quot;:&quot;&quot;},&quot;jet_parallax_layout_speed&quot;:{&quot;unit&quot;:&quot;%&quot;,&quot;size&quot;:50,&quot;sizes&quot;:[]},&quot;jet_parallax_layout_type&quot;:&quot;scroll&quot;,&quot;jet_parallax_layout_direction&quot;:&quot;1&quot;,&quot;jet_parallax_layout_fx_direction&quot;:null,&quot;jet_parallax_layout_z_index&quot;:&quot;&quot;,&quot;jet_parallax_layout_bg_x&quot;:50,&quot;jet_parallax_layout_bg_x_tablet&quot;:&quot;&quot;,&quot;jet_parallax_layout_bg_x_mobile&quot;:&quot;&quot;,&quot;jet_parallax_layout_bg_y&quot;:50,&quot;jet_parallax_layout_bg_y_tablet&quot;:&quot;&quot;,&quot;jet_parallax_layout_bg_y_mobile&quot;:&quot;&quot;,&quot;jet_parallax_layout_bg_size&quot;:&quot;auto&quot;,&quot;jet_parallax_layout_bg_size_tablet&quot;:&quot;&quot;,&quot;jet_parallax_layout_bg_size_mobile&quot;:&quot;&quot;,&quot;jet_parallax_layout_animation_prop&quot;:&quot;transform&quot;,&quot;jet_parallax_layout_on&quot;:[&quot;desktop&quot;,&quot;tablet&quot;]}]}\">\n\t\t\t\t\t\t<div class=\"elementor-container elementor-column-gap-default\">\n\t\t\t\t\t<div class=\"elementor-column elementor-col-50 elementor-inner-column elementor-element elementor-element-4bed371\" data-id=\"4bed371\" data-element_type=\"column\" data-e-type=\"column\">\n\t\t\t<div class=\"elementor-widget-wrap elementor-element-populated\">\n\t\t\t\t\t\t<div class=\"elementor-element elementor-element-a9494dc elementor-widget elementor-widget-heading\" data-id=\"a9494dc\" data-element_type=\"widget\" data-e-type=\"widget\" data-widget_type=\"heading.default\">\n\t\t\t\t<div class=\"elementor-widget-container\">\n\t\t\t\t\t<h3 class=\"elementor-heading-title elementor-size-default\">Fettabsaugung (Liposuktion)<\/h3>\t\t\t\t<\/div>\n\t\t\t\t<\/div>\n\t\t\t\t\t<\/div>\n\t\t<\/div>\n\t\t\t\t<div class=\"elementor-column elementor-col-50 elementor-inner-column elementor-element elementor-element-ab909cb\" data-id=\"ab909cb\" data-element_type=\"column\" data-e-type=\"column\">\n\t\t\t<div class=\"elementor-widget-wrap elementor-element-populated\">\n\t\t\t\t\t\t<div class=\"elementor-element elementor-element-65c8737 elementor-widget elementor-widget-jet-table\" data-id=\"65c8737\" data-element_type=\"widget\" data-e-type=\"widget\" data-widget_type=\"jet-table.default\">\n\t\t\t\t<div class=\"elementor-widget-container\">\n\t\t\t\t\t<div class=\"elementor-jet-table jet-elements\">\n\t\t<div class=\"jet-table-wrapper jet-table-responsive-mobile jet-table-responsive-tablet\">\n\t\t\t<table class=\"jet-table jet-table--fa5-compat\">\n\t\t\t\t<thead class=\"jet-table__head\"><tr class=\"jet-table__head-row\"><th class=\"jet-table__cell elementor-repeater-item-d45cfc6 jet-table__head-cell\" scope=\"col\"><div class=\"jet-table__cell-inner\"><div class=\"jet-table__cell-content\"><div class=\"jet-table__cell-text\">Dauer OP<\/div><\/div><\/div><\/th><th class=\"jet-table__cell elementor-repeater-item-5c80cc5 jet-table__head-cell\" scope=\"col\"><div class=\"jet-table__cell-inner\"><div class=\"jet-table__cell-content\"><div class=\"jet-table__cell-text\">Narkoseart<\/div><\/div><\/div><\/th><th class=\"jet-table__cell elementor-repeater-item-8f7c4e3 jet-table__head-cell\" scope=\"col\"><div class=\"jet-table__cell-inner\"><div class=\"jet-table__cell-content\"><div class=\"jet-table__cell-text\">Klinikaufenthalt<\/div><\/div><\/div><\/th><\/tr><\/thead>\n\t\t\t\t\t\t\t\t<tbody class=\"jet-table__body\"><tr class=\"jet-table__body-row elementor-repeater-item-390521c\"><td class=\"jet-table__cell elementor-repeater-item-44dc14b jet-table__body-cell\"><div class=\"jet-table__cell-inner\"><div class=\"jet-table__cell-content\"><div class=\"jet-table__cell-text\">Abh\u00e4ngig von Umfang und Regionen 1-2,5 Stunden<\/div><\/div><\/div><\/td><td class=\"jet-table__cell elementor-repeater-item-c5a7ab8 jet-table__body-cell\"><div class=\"jet-table__cell-inner\"><div class=\"jet-table__cell-content\"><div class=\"jet-table__cell-text\">\u00d6rtliche Bet\u00e4ubung oder D\u00e4mmerschlaf (ggf. Vollnarkose)<\/div><\/div><\/div><\/td><td class=\"jet-table__cell elementor-repeater-item-b844eae jet-table__body-cell\"><div class=\"jet-table__cell-inner\"><div class=\"jet-table__cell-content\"><div class=\"jet-table__cell-text\">Ambulante Behandlung<\/div><\/div><\/div><\/td><\/tr><\/tbody>\n\t\t\t<\/table>\n\t\t<\/div>\n\n\t\t<\/div>\t\t\t\t<\/div>\n\t\t\t\t<\/div>\n\t\t\t\t\t<\/div>\n\t\t<\/div>\n\t\t\t\t\t<\/div>\n\t\t<\/section>\n\t\t\t\t\t<\/div>\n\t\t<\/div>\n\t\t\t\t\t<\/div>\n\t\t<\/section>\n\t\t\t\t<section class=\"elementor-section elementor-top-section elementor-element elementor-element-70f7161 elementor-section-boxed elementor-section-height-default elementor-section-height-default\" data-id=\"70f7161\" data-element_type=\"section\" data-e-type=\"section\" data-settings=\"{&quot;jet_parallax_layout_list&quot;:[{&quot;jet_parallax_layout_image&quot;:{&quot;url&quot;:&quot;&quot;,&quot;id&quot;:&quot;&quot;,&quot;size&quot;:&quot;&quot;},&quot;_id&quot;:&quot;d9e986c&quot;,&quot;jet_parallax_layout_image_tablet&quot;:{&quot;url&quot;:&quot;&quot;,&quot;id&quot;:&quot;&quot;,&quot;size&quot;:&quot;&quot;},&quot;jet_parallax_layout_image_mobile&quot;:{&quot;url&quot;:&quot;&quot;,&quot;id&quot;:&quot;&quot;,&quot;size&quot;:&quot;&quot;},&quot;jet_parallax_layout_speed&quot;:{&quot;unit&quot;:&quot;%&quot;,&quot;size&quot;:50,&quot;sizes&quot;:[]},&quot;jet_parallax_layout_type&quot;:&quot;scroll&quot;,&quot;jet_parallax_layout_direction&quot;:&quot;1&quot;,&quot;jet_parallax_layout_fx_direction&quot;:null,&quot;jet_parallax_layout_z_index&quot;:&quot;&quot;,&quot;jet_parallax_layout_bg_x&quot;:50,&quot;jet_parallax_layout_bg_x_tablet&quot;:&quot;&quot;,&quot;jet_parallax_layout_bg_x_mobile&quot;:&quot;&quot;,&quot;jet_parallax_layout_bg_y&quot;:50,&quot;jet_parallax_layout_bg_y_tablet&quot;:&quot;&quot;,&quot;jet_parallax_layout_bg_y_mobile&quot;:&quot;&quot;,&quot;jet_parallax_layout_bg_size&quot;:&quot;auto&quot;,&quot;jet_parallax_layout_bg_size_tablet&quot;:&quot;&quot;,&quot;jet_parallax_layout_bg_size_mobile&quot;:&quot;&quot;,&quot;jet_parallax_layout_animation_prop&quot;:&quot;transform&quot;,&quot;jet_parallax_layout_on&quot;:[&quot;desktop&quot;,&quot;tablet&quot;]}]}\">\n\t\t\t\t\t\t<div class=\"elementor-container elementor-column-gap-default\">\n\t\t\t\t\t<div class=\"elementor-column elementor-col-100 elementor-top-column elementor-element elementor-element-6dc54e3\" data-id=\"6dc54e3\" data-element_type=\"column\" data-e-type=\"column\">\n\t\t\t<div class=\"elementor-widget-wrap elementor-element-populated\">\n\t\t\t\t\t\t<div class=\"elementor-element elementor-element-9595989 elementor-align-center elementor-widget elementor-widget-raven-divider\" data-id=\"9595989\" data-element_type=\"widget\" data-e-type=\"widget\" data-widget_type=\"raven-divider.default\">\n\t\t\t\t<div class=\"elementor-widget-container\">\n\t\t\t\t\t\t\t<div class=\"raven-widget-wrapper\">\n\t\t\t<div class=\"raven-divider\">\n\t\t\t\t<span class=\"raven-divider-line raven-divider-solid\"><\/span>\n\t\t\t<\/div>\n\t\t<\/div>\n\t\t\t\t\t\t<\/div>\n\t\t\t\t<\/div>\n\t\t\t\t\t<\/div>\n\t\t<\/div>\n\t\t\t\t\t<\/div>\n\t\t<\/section>\n\t\t\t\t<section class=\"elementor-section elementor-top-section elementor-element elementor-element-f556aa6 elementor-section-boxed elementor-section-height-default elementor-section-height-default\" data-id=\"f556aa6\" data-element_type=\"section\" data-e-type=\"section\" data-settings=\"{&quot;jet_parallax_layout_list&quot;:[{&quot;jet_parallax_layout_image&quot;:{&quot;url&quot;:&quot;&quot;,&quot;id&quot;:&quot;&quot;,&quot;size&quot;:&quot;&quot;},&quot;_id&quot;:&quot;7ff37ea&quot;,&quot;jet_parallax_layout_image_tablet&quot;:{&quot;url&quot;:&quot;&quot;,&quot;id&quot;:&quot;&quot;,&quot;size&quot;:&quot;&quot;},&quot;jet_parallax_layout_image_mobile&quot;:{&quot;url&quot;:&quot;&quot;,&quot;id&quot;:&quot;&quot;,&quot;size&quot;:&quot;&quot;},&quot;jet_parallax_layout_speed&quot;:{&quot;unit&quot;:&quot;%&quot;,&quot;size&quot;:50,&quot;sizes&quot;:[]},&quot;jet_parallax_layout_type&quot;:&quot;scroll&quot;,&quot;jet_parallax_layout_direction&quot;:&quot;1&quot;,&quot;jet_parallax_layout_fx_direction&quot;:null,&quot;jet_parallax_layout_z_index&quot;:&quot;&quot;,&quot;jet_parallax_layout_bg_x&quot;:50,&quot;jet_parallax_layout_bg_x_tablet&quot;:&quot;&quot;,&quot;jet_parallax_layout_bg_x_mobile&quot;:&quot;&quot;,&quot;jet_parallax_layout_bg_y&quot;:50,&quot;jet_parallax_layout_bg_y_tablet&quot;:&quot;&quot;,&quot;jet_parallax_layout_bg_y_mobile&quot;:&quot;&quot;,&quot;jet_parallax_layout_bg_size&quot;:&quot;auto&quot;,&quot;jet_parallax_layout_bg_size_tablet&quot;:&quot;&quot;,&quot;jet_parallax_layout_bg_size_mobile&quot;:&quot;&quot;,&quot;jet_parallax_layout_animation_prop&quot;:&quot;transform&quot;,&quot;jet_parallax_layout_on&quot;:[&quot;desktop&quot;,&quot;tablet&quot;]}]}\">\n\t\t\t\t\t\t<div class=\"elementor-container elementor-column-gap-default\">\n\t\t\t\t\t<div class=\"elementor-column elementor-col-100 elementor-top-column elementor-element elementor-element-544ad95\" data-id=\"544ad95\" data-element_type=\"column\" data-e-type=\"column\">\n\t\t\t<div class=\"elementor-widget-wrap elementor-element-populated\">\n\t\t\t\t\t\t<div class=\"elementor-element elementor-element-53eb40b elementor-widget elementor-widget-text-editor\" data-id=\"53eb40b\" data-element_type=\"widget\" data-e-type=\"widget\" data-widget_type=\"text-editor.default\">\n\t\t\t\t<div class=\"elementor-widget-container\">\n\t\t\t\t\t\t\t\t\t<p>Es gibt hartn\u00e4ckige und l\u00e4stige Fettpolster, die selbst mit strengen Di\u00e4ten, sportlicher Aktivit\u00e4t und Cellulitis-Behandlungen sich nicht bek\u00e4mpfen lassen. Oft sind es genetische bzw. famili\u00e4r bedingte Veranlagungen. Sie beeintr\u00e4chtigen das \u00e4u\u00dfere Erscheinungsbild und die \u00e4sthetischen Proportionen bei Frauen und M\u00e4nnern.<\/p><p><strong>Operation<\/strong><\/p><p>Mikrokan\u00fclen (zwischen 2-3 mm Durchmesser) werden durch Minihautschnitte in das exakt definierte Areal eingef\u00fchrt und die \u00fcbersch\u00fcssigen Fettzellen werden in gleichm\u00e4ssigen Bewegungen durch Unterdruck abgesaugt, nachdem sie durch das Einspritzen von einer Speziall\u00f6sung verfl\u00fcssigt wurden. Das Modellieren der abgesaugten Regionen ist f\u00fcr das Endergebnis sehr wichtig. Die behandelten K\u00f6rperpartien bleiben dauerhaft schlank, da die entfernten Fettzellen nicht mehr durch neues Fettgewebe ersetzt werden.<\/p><p><strong>Regionen<\/strong><\/p><p>Typische Regionen zur Fettabsaugung bei der Frau sind: Reithosen, H\u00fcften, Oberschenkel, Knie, Bauch, Waden, Fesseln, Oberarme und Kinnbereich.<br \/>Beim Mann sind charakteristisch: Bauch, Taille, Brust und Kinnregion.<\/p><p><strong>Bet\u00e4ubung<\/strong><\/p><p>Je nach Ausma\u00df der Fettansammlung und Wunsch des Patienten kann die Liposuktion entweder in \u00f6rtlicher Bet\u00e4ubung (kleinere Bereiche), im D\u00e4mmerschlaf (Analgosedierung) oder in Narkose durchgef\u00fchrt werden, nachdem die Speziall\u00f6sung zur Verfl\u00fcssigung der Fettzellen eingespritzt wurde (gr\u00f6\u00dfere Areale).<br \/>Die Tumeszenzan\u00e4sthesie (\u00f6rtliche Bet\u00e4ubung mit viel Fl\u00fcssigkeit) ist ein sehr elegantes Verfahren zur Anwendung bei der Fettabsaugung. Bei gr\u00f6\u00dferen Absaugmengen sollte der Patient postoperativ sorgf\u00e4ltig \u00fcberwacht werden.<\/p><p><strong>Klinikaufenthalt<\/strong><\/p><p>In der Regel Ambulant.<\/p><p><strong>Nach dem Eingriff<\/strong><\/p><p>Kompressionsmieder 4-6 Wochen tragen.<br \/>Sport f\u00fcr ca. 2 Wochen aussetzen.<br \/>Keine Sonne, Solarium und Sauna f\u00fcr 3 Monaten (Risiko von dunklen Flecken).<\/p><p><strong>Preise<\/strong><\/p><p>Exakte Kosten k\u00f6nnen erst nach einer ausf\u00fchrlichen Beratung und sorgf\u00e4ltiger Untersuchung festgestellt werden, exakt mit dem Patienten festgelegt und nach Regionen berechnet.<\/p>\t\t\t\t\t\t\t\t<\/div>\n\t\t\t\t<\/div>\n\t\t\t\t\t<\/div>\n\t\t<\/div>\n\t\t\t\t\t<\/div>\n\t\t<\/section>\n\t\t\t\t<\/div>\n\t\t","protected":false},"excerpt":{"rendered":"<p>Fettabsaugung (Liposuktion) Dauer OP Narkoseart Klinikaufenthalt Abh\u00e4ngig von Umfang und Regionen 1-2,5 Stunden \u00d6rtliche Bet\u00e4ubung oder D\u00e4mmerschlaf (ggf. Vollnarkose) Ambulante Behandlung Es gibt hartn\u00e4ckige und l\u00e4stige Fettpolster, die selbst mit strengen Di\u00e4ten, sportlicher Aktivit\u00e4t und Cellulitis-Behandlungen sich nicht bek\u00e4mpfen lassen. Oft sind es genetische bzw. famili\u00e4r bedingte Veranlagungen. Sie beeintr\u00e4chtigen das \u00e4u\u00dfere Erscheinungsbild und die [&hellip;]<\/p>\n","protected":false},"author":1,"featured_media":0,"parent":0,"menu_order":0,"comment_status":"closed","ping_status":"closed","template":"","meta":{"_acf_changed":false,"footnotes":""},"class_list":["post-1618","page","type-page","status-publish","hentry"],"acf":[],"yoast_head":"<!-- This site is optimized with the Yoast SEO plugin v27.3 - https:\/\/yoast.com\/product\/yoast-seo-wordpress\/ -->\n<title>Fettabsaugung - Plastische Chirurgie Dr. Solz<\/title>\n<meta name=\"description\" content=\"L\u00e4stige Fettgewebsansammlungen m\u00fcssen nicht mehr sein! Mit sehr d\u00fcnnen Kan\u00fclen und schonendem Verfahren zur optimalen Figur!\" \/>\n<meta name=\"robots\" content=\"index, follow, max-snippet:-1, max-image-preview:large, max-video-preview:-1\" \/>\n<link rel=\"canonical\" href=\"https:\/\/drsolz.de\/en\/fettabsaugung\/\" \/>\n<meta property=\"og:locale\" content=\"en_GB\" \/>\n<meta property=\"og:type\" content=\"article\" \/>\n<meta property=\"og:title\" content=\"Fettabsaugung - Plastische Chirurgie Dr. Solz\" \/>\n<meta property=\"og:description\" content=\"L\u00e4stige Fettgewebsansammlungen m\u00fcssen nicht mehr sein! Mit sehr d\u00fcnnen Kan\u00fclen und schonendem Verfahren zur optimalen Figur!\" \/>\n<meta property=\"og:url\" content=\"https:\/\/drsolz.de\/en\/fettabsaugung\/\" \/>\n<meta property=\"og:site_name\" content=\"Plastische Chirurgie Dr. Solz\" \/>\n<meta property=\"article:publisher\" content=\"https:\/\/www.facebook.com\/drhermannsolz\" \/>\n<meta property=\"article:modified_time\" content=\"2021-12-25T19:21:44+00:00\" \/>\n<meta name=\"twitter:card\" content=\"summary_large_image\" \/>\n<meta name=\"twitter:site\" content=\"@drhermannsolz\" \/>\n<meta name=\"twitter:label1\" content=\"Estimated reading time\" \/>\n\t<meta name=\"twitter:data1\" content=\"2 minutes\" \/>\n<script type=\"application\/ld+json\" class=\"yoast-schema-graph\">{\"@context\":\"https:\\\/\\\/schema.org\",\"@graph\":[{\"@type\":\"WebPage\",\"@id\":\"https:\\\/\\\/drsolz.de\\\/fettabsaugung\\\/\",\"url\":\"https:\\\/\\\/drsolz.de\\\/fettabsaugung\\\/\",\"name\":\"Fettabsaugung - Plastische Chirurgie Dr. Solz\",\"isPartOf\":{\"@id\":\"https:\\\/\\\/drsolz.de\\\/#website\"},\"datePublished\":\"2021-05-15T11:59:24+00:00\",\"dateModified\":\"2021-12-25T19:21:44+00:00\",\"description\":\"L\u00e4stige Fettgewebsansammlungen m\u00fcssen nicht mehr sein! Mit sehr d\u00fcnnen Kan\u00fclen und schonendem Verfahren zur optimalen Figur!\",\"breadcrumb\":{\"@id\":\"https:\\\/\\\/drsolz.de\\\/fettabsaugung\\\/#breadcrumb\"},\"inLanguage\":\"en-GB\",\"potentialAction\":[{\"@type\":\"ReadAction\",\"target\":[\"https:\\\/\\\/drsolz.de\\\/fettabsaugung\\\/\"]}]},{\"@type\":\"BreadcrumbList\",\"@id\":\"https:\\\/\\\/drsolz.de\\\/fettabsaugung\\\/#breadcrumb\",\"itemListElement\":[{\"@type\":\"ListItem\",\"position\":1,\"name\":\"Startseite\",\"item\":\"https:\\\/\\\/drsolz.de\\\/\"},{\"@type\":\"ListItem\",\"position\":2,\"name\":\"Fettabsaugung\"}]},{\"@type\":\"WebSite\",\"@id\":\"https:\\\/\\\/drsolz.de\\\/#website\",\"url\":\"https:\\\/\\\/drsolz.de\\\/\",\"name\":\"Plastische Chirurgie Dr. Solz\",\"description\":\"Facharzt f\u00fcr Plastische und \u00c4sthetische Chirurgie\",\"publisher\":{\"@id\":\"https:\\\/\\\/drsolz.de\\\/#organization\"},\"potentialAction\":[{\"@type\":\"SearchAction\",\"target\":{\"@type\":\"EntryPoint\",\"urlTemplate\":\"https:\\\/\\\/drsolz.de\\\/?s={search_term_string}\"},\"query-input\":{\"@type\":\"PropertyValueSpecification\",\"valueRequired\":true,\"valueName\":\"search_term_string\"}}],\"inLanguage\":\"en-GB\"},{\"@type\":\"Organization\",\"@id\":\"https:\\\/\\\/drsolz.de\\\/#organization\",\"name\":\"Plastische Chirurgie Dr. Solz\",\"url\":\"https:\\\/\\\/drsolz.de\\\/\",\"logo\":{\"@type\":\"ImageObject\",\"inLanguage\":\"en-GB\",\"@id\":\"https:\\\/\\\/drsolz.de\\\/#\\\/schema\\\/logo\\\/image\\\/\",\"url\":\"http:\\\/\\\/drsolz.de\\\/wp-content\\\/uploads\\\/2021\\\/06\\\/Dr_Solz_Facharzt.svg\",\"contentUrl\":\"http:\\\/\\\/drsolz.de\\\/wp-content\\\/uploads\\\/2021\\\/06\\\/Dr_Solz_Facharzt.svg\",\"width\":182.21,\"height\":91.22,\"caption\":\"Plastische Chirurgie Dr. Solz\"},\"image\":{\"@id\":\"https:\\\/\\\/drsolz.de\\\/#\\\/schema\\\/logo\\\/image\\\/\"},\"sameAs\":[\"https:\\\/\\\/www.facebook.com\\\/drhermannsolz\",\"https:\\\/\\\/x.com\\\/drhermannsolz\",\"https:\\\/\\\/www.instagram.com\\\/dr.hermann_solz\\\/\"]}]}<\/script>\n<!-- \/ Yoast SEO plugin. -->","yoast_head_json":{"title":"Fettabsaugung - Plastische Chirurgie Dr. Solz","description":"L\u00e4stige Fettgewebsansammlungen m\u00fcssen nicht mehr sein! Mit sehr d\u00fcnnen Kan\u00fclen und schonendem Verfahren zur optimalen Figur!","robots":{"index":"index","follow":"follow","max-snippet":"max-snippet:-1","max-image-preview":"max-image-preview:large","max-video-preview":"max-video-preview:-1"},"canonical":"https:\/\/drsolz.de\/en\/fettabsaugung\/","og_locale":"en_GB","og_type":"article","og_title":"Fettabsaugung - Plastische Chirurgie Dr. Solz","og_description":"L\u00e4stige Fettgewebsansammlungen m\u00fcssen nicht mehr sein! Mit sehr d\u00fcnnen Kan\u00fclen und schonendem Verfahren zur optimalen Figur!","og_url":"https:\/\/drsolz.de\/en\/fettabsaugung\/","og_site_name":"Plastische Chirurgie Dr. Solz","article_publisher":"https:\/\/www.facebook.com\/drhermannsolz","article_modified_time":"2021-12-25T19:21:44+00:00","twitter_card":"summary_large_image","twitter_site":"@drhermannsolz","twitter_misc":{"Estimated reading time":"2 minutes"},"schema":{"@context":"https:\/\/schema.org","@graph":[{"@type":"WebPage","@id":"https:\/\/drsolz.de\/fettabsaugung\/","url":"https:\/\/drsolz.de\/fettabsaugung\/","name":"Fettabsaugung - Plastische Chirurgie Dr. Solz","isPartOf":{"@id":"https:\/\/drsolz.de\/#website"},"datePublished":"2021-05-15T11:59:24+00:00","dateModified":"2021-12-25T19:21:44+00:00","description":"L\u00e4stige Fettgewebsansammlungen m\u00fcssen nicht mehr sein! Mit sehr d\u00fcnnen Kan\u00fclen und schonendem Verfahren zur optimalen Figur!","breadcrumb":{"@id":"https:\/\/drsolz.de\/fettabsaugung\/#breadcrumb"},"inLanguage":"en-GB","potentialAction":[{"@type":"ReadAction","target":["https:\/\/drsolz.de\/fettabsaugung\/"]}]},{"@type":"BreadcrumbList","@id":"https:\/\/drsolz.de\/fettabsaugung\/#breadcrumb","itemListElement":[{"@type":"ListItem","position":1,"name":"Startseite","item":"https:\/\/drsolz.de\/"},{"@type":"ListItem","position":2,"name":"Fettabsaugung"}]},{"@type":"WebSite","@id":"https:\/\/drsolz.de\/#website","url":"https:\/\/drsolz.de\/","name":"Plastic Surgery Dr. Solz","description":"Specialist in Plastic and Aesthetic Surgery","publisher":{"@id":"https:\/\/drsolz.de\/#organization"},"potentialAction":[{"@type":"SearchAction","target":{"@type":"EntryPoint","urlTemplate":"https:\/\/drsolz.de\/?s={search_term_string}"},"query-input":{"@type":"PropertyValueSpecification","valueRequired":true,"valueName":"search_term_string"}}],"inLanguage":"en-GB"},{"@type":"Organization","@id":"https:\/\/drsolz.de\/#organization","name":"Plastic Surgery Dr. Solz","url":"https:\/\/drsolz.de\/","logo":{"@type":"ImageObject","inLanguage":"en-GB","@id":"https:\/\/drsolz.de\/#\/schema\/logo\/image\/","url":"http:\/\/drsolz.de\/wp-content\/uploads\/2021\/06\/Dr_Solz_Facharzt.svg","contentUrl":"http:\/\/drsolz.de\/wp-content\/uploads\/2021\/06\/Dr_Solz_Facharzt.svg","width":182.21,"height":91.22,"caption":"Plastische Chirurgie Dr. Solz"},"image":{"@id":"https:\/\/drsolz.de\/#\/schema\/logo\/image\/"},"sameAs":["https:\/\/www.facebook.com\/drhermannsolz","https:\/\/x.com\/drhermannsolz","https:\/\/www.instagram.com\/dr.hermann_solz\/"]}]}},"_links":{"self":[{"href":"https:\/\/drsolz.de\/en\/wp-json\/wp\/v2\/pages\/1618","targetHints":{"allow":["GET"]}}],"collection":[{"href":"https:\/\/drsolz.de\/en\/wp-json\/wp\/v2\/pages"}],"about":[{"href":"https:\/\/drsolz.de\/en\/wp-json\/wp\/v2\/types\/page"}],"author":[{"embeddable":true,"href":"https:\/\/drsolz.de\/en\/wp-json\/wp\/v2\/users\/1"}],"replies":[{"embeddable":true,"href":"https:\/\/drsolz.de\/en\/wp-json\/wp\/v2\/comments?post=1618"}],"version-history":[{"count":113,"href":"https:\/\/drsolz.de\/en\/wp-json\/wp\/v2\/pages\/1618\/revisions"}],"predecessor-version":[{"id":3620,"href":"https:\/\/drsolz.de\/en\/wp-json\/wp\/v2\/pages\/1618\/revisions\/3620"}],"wp:attachment":[{"href":"https:\/\/drsolz.de\/en\/wp-json\/wp\/v2\/media?parent=1618"}],"curies":[{"name":"wp","href":"https:\/\/api.w.org\/{rel}","templated":true}]}}