{"id":1607,"date":"2021-05-15T13:56:27","date_gmt":"2021-05-15T11:56:27","guid":{"rendered":"http:\/\/drsolz.de\/?page_id=1607"},"modified":"2024-06-20T17:04:10","modified_gmt":"2024-06-20T15:04:10","slug":"bruststraffung-brust-op","status":"publish","type":"page","link":"https:\/\/drsolz.de\/en\/bruststraffung-brust-op\/","title":{"rendered":"Bruststraffung Mannheim"},"content":{"rendered":"\t\t<div data-elementor-type=\"wp-page\" data-elementor-id=\"1607\" class=\"elementor elementor-1607\" data-elementor-post-type=\"page\">\n\t\t\t\t\t\t<section class=\"elementor-section elementor-top-section elementor-element elementor-element-02c6bdc elementor-section-boxed elementor-section-height-default elementor-section-height-default\" data-id=\"02c6bdc\" data-element_type=\"section\" data-e-type=\"section\" data-settings=\"{&quot;jet_parallax_layout_list&quot;:[{&quot;jet_parallax_layout_image&quot;:{&quot;url&quot;:&quot;&quot;,&quot;id&quot;:&quot;&quot;,&quot;size&quot;:&quot;&quot;},&quot;_id&quot;:&quot;7f7f3f8&quot;,&quot;jet_parallax_layout_image_tablet&quot;:{&quot;url&quot;:&quot;&quot;,&quot;id&quot;:&quot;&quot;,&quot;size&quot;:&quot;&quot;},&quot;jet_parallax_layout_image_mobile&quot;:{&quot;url&quot;:&quot;&quot;,&quot;id&quot;:&quot;&quot;,&quot;size&quot;:&quot;&quot;},&quot;jet_parallax_layout_speed&quot;:{&quot;unit&quot;:&quot;%&quot;,&quot;size&quot;:50,&quot;sizes&quot;:[]},&quot;jet_parallax_layout_type&quot;:&quot;scroll&quot;,&quot;jet_parallax_layout_direction&quot;:&quot;1&quot;,&quot;jet_parallax_layout_fx_direction&quot;:null,&quot;jet_parallax_layout_z_index&quot;:&quot;&quot;,&quot;jet_parallax_layout_bg_x&quot;:50,&quot;jet_parallax_layout_bg_x_tablet&quot;:&quot;&quot;,&quot;jet_parallax_layout_bg_x_mobile&quot;:&quot;&quot;,&quot;jet_parallax_layout_bg_y&quot;:50,&quot;jet_parallax_layout_bg_y_tablet&quot;:&quot;&quot;,&quot;jet_parallax_layout_bg_y_mobile&quot;:&quot;&quot;,&quot;jet_parallax_layout_bg_size&quot;:&quot;auto&quot;,&quot;jet_parallax_layout_bg_size_tablet&quot;:&quot;&quot;,&quot;jet_parallax_layout_bg_size_mobile&quot;:&quot;&quot;,&quot;jet_parallax_layout_animation_prop&quot;:&quot;transform&quot;,&quot;jet_parallax_layout_on&quot;:[&quot;desktop&quot;,&quot;tablet&quot;]}]}\">\n\t\t\t\t\t\t<div class=\"elementor-container elementor-column-gap-default\">\n\t\t\t\t\t<div class=\"elementor-column elementor-col-100 elementor-top-column elementor-element elementor-element-61ed512\" data-id=\"61ed512\" data-element_type=\"column\" data-e-type=\"column\">\n\t\t\t<div class=\"elementor-widget-wrap elementor-element-populated\">\n\t\t\t\t\t\t<section class=\"elementor-section elementor-inner-section elementor-element elementor-element-a03bfbf elementor-section-boxed elementor-section-height-default elementor-section-height-default\" data-id=\"a03bfbf\" data-element_type=\"section\" data-e-type=\"section\" data-settings=\"{&quot;jet_parallax_layout_list&quot;:[{&quot;jet_parallax_layout_image&quot;:{&quot;url&quot;:&quot;&quot;,&quot;id&quot;:&quot;&quot;,&quot;size&quot;:&quot;&quot;},&quot;_id&quot;:&quot;f6b7a45&quot;,&quot;jet_parallax_layout_image_tablet&quot;:{&quot;url&quot;:&quot;&quot;,&quot;id&quot;:&quot;&quot;,&quot;size&quot;:&quot;&quot;},&quot;jet_parallax_layout_image_mobile&quot;:{&quot;url&quot;:&quot;&quot;,&quot;id&quot;:&quot;&quot;,&quot;size&quot;:&quot;&quot;},&quot;jet_parallax_layout_speed&quot;:{&quot;unit&quot;:&quot;%&quot;,&quot;size&quot;:50,&quot;sizes&quot;:[]},&quot;jet_parallax_layout_type&quot;:&quot;scroll&quot;,&quot;jet_parallax_layout_direction&quot;:&quot;1&quot;,&quot;jet_parallax_layout_fx_direction&quot;:null,&quot;jet_parallax_layout_z_index&quot;:&quot;&quot;,&quot;jet_parallax_layout_bg_x&quot;:50,&quot;jet_parallax_layout_bg_x_tablet&quot;:&quot;&quot;,&quot;jet_parallax_layout_bg_x_mobile&quot;:&quot;&quot;,&quot;jet_parallax_layout_bg_y&quot;:50,&quot;jet_parallax_layout_bg_y_tablet&quot;:&quot;&quot;,&quot;jet_parallax_layout_bg_y_mobile&quot;:&quot;&quot;,&quot;jet_parallax_layout_bg_size&quot;:&quot;auto&quot;,&quot;jet_parallax_layout_bg_size_tablet&quot;:&quot;&quot;,&quot;jet_parallax_layout_bg_size_mobile&quot;:&quot;&quot;,&quot;jet_parallax_layout_animation_prop&quot;:&quot;transform&quot;,&quot;jet_parallax_layout_on&quot;:[&quot;desktop&quot;,&quot;tablet&quot;]}]}\">\n\t\t\t\t\t\t<div class=\"elementor-container elementor-column-gap-default\">\n\t\t\t\t\t<div class=\"elementor-column elementor-col-50 elementor-inner-column elementor-element elementor-element-57c5e5b\" data-id=\"57c5e5b\" data-element_type=\"column\" data-e-type=\"column\">\n\t\t\t<div class=\"elementor-widget-wrap elementor-element-populated\">\n\t\t\t\t\t\t<div class=\"elementor-element elementor-element-b57c2af elementor-widget elementor-widget-heading\" data-id=\"b57c2af\" data-element_type=\"widget\" data-e-type=\"widget\" data-widget_type=\"heading.default\">\n\t\t\t\t<div class=\"elementor-widget-container\">\n\t\t\t\t\t<h3 class=\"elementor-heading-title elementor-size-default\">Bruststraffung (ohne und mit Implantat)<\/h3>\t\t\t\t<\/div>\n\t\t\t\t<\/div>\n\t\t\t\t\t<\/div>\n\t\t<\/div>\n\t\t\t\t<div class=\"elementor-column elementor-col-50 elementor-inner-column elementor-element elementor-element-4112b78\" data-id=\"4112b78\" data-element_type=\"column\" data-e-type=\"column\">\n\t\t\t<div class=\"elementor-widget-wrap elementor-element-populated\">\n\t\t\t\t\t\t<div class=\"elementor-element elementor-element-1fea2a7 elementor-widget elementor-widget-jet-table\" data-id=\"1fea2a7\" data-element_type=\"widget\" data-e-type=\"widget\" data-widget_type=\"jet-table.default\">\n\t\t\t\t<div class=\"elementor-widget-container\">\n\t\t\t\t\t<div class=\"elementor-jet-table jet-elements\">\n\t\t<div class=\"jet-table-wrapper\">\n\t\t\t<table class=\"jet-table jet-table--fa5-compat\">\n\t\t\t\t<thead class=\"jet-table__head\"><tr class=\"jet-table__head-row\"><th class=\"jet-table__cell elementor-repeater-item-d45cfc6 jet-table__head-cell\" scope=\"col\"><div class=\"jet-table__cell-inner\"><div class=\"jet-table__cell-content\"><div class=\"jet-table__cell-text\">Dauer OP<\/div><\/div><\/div><\/th><th class=\"jet-table__cell elementor-repeater-item-5c80cc5 jet-table__head-cell\" scope=\"col\"><div class=\"jet-table__cell-inner\"><div class=\"jet-table__cell-content\"><div class=\"jet-table__cell-text\">Narkoseart<\/div><\/div><\/div><\/th><th class=\"jet-table__cell elementor-repeater-item-8f7c4e3 jet-table__head-cell\" scope=\"col\"><div class=\"jet-table__cell-inner\"><div class=\"jet-table__cell-content\"><div class=\"jet-table__cell-text\">Klinikaufenthalt<\/div><\/div><\/div><\/th><\/tr><\/thead>\n\t\t\t\t\t\t\t\t<tbody class=\"jet-table__body\"><tr class=\"jet-table__body-row elementor-repeater-item-390521c\"><td class=\"jet-table__cell elementor-repeater-item-44dc14b jet-table__body-cell\"><div class=\"jet-table__cell-inner\"><div class=\"jet-table__cell-content\"><div class=\"jet-table__cell-text\">2,5 Stunden<\/div><\/div><\/div><\/td><td class=\"jet-table__cell elementor-repeater-item-c5a7ab8 jet-table__body-cell\"><div class=\"jet-table__cell-inner\"><div class=\"jet-table__cell-content\"><div class=\"jet-table__cell-text\">Vollnarkose<\/div><\/div><\/div><\/td><td class=\"jet-table__cell elementor-repeater-item-b844eae jet-table__body-cell\"><div class=\"jet-table__cell-inner\"><div class=\"jet-table__cell-content\"><div class=\"jet-table__cell-text\">Ambulant<\/div><\/div><\/div><\/td><\/tr><\/tbody>\n\t\t\t<\/table>\n\t\t<\/div>\n\n\t\t<\/div>\t\t\t\t<\/div>\n\t\t\t\t<\/div>\n\t\t\t\t\t<\/div>\n\t\t<\/div>\n\t\t\t\t\t<\/div>\n\t\t<\/section>\n\t\t\t\t\t<\/div>\n\t\t<\/div>\n\t\t\t\t\t<\/div>\n\t\t<\/section>\n\t\t\t\t<section class=\"elementor-section elementor-top-section elementor-element elementor-element-70f7161 elementor-section-boxed elementor-section-height-default elementor-section-height-default\" data-id=\"70f7161\" data-element_type=\"section\" data-e-type=\"section\" data-settings=\"{&quot;jet_parallax_layout_list&quot;:[{&quot;jet_parallax_layout_image&quot;:{&quot;url&quot;:&quot;&quot;,&quot;id&quot;:&quot;&quot;,&quot;size&quot;:&quot;&quot;},&quot;_id&quot;:&quot;d9e986c&quot;,&quot;jet_parallax_layout_image_tablet&quot;:{&quot;url&quot;:&quot;&quot;,&quot;id&quot;:&quot;&quot;,&quot;size&quot;:&quot;&quot;},&quot;jet_parallax_layout_image_mobile&quot;:{&quot;url&quot;:&quot;&quot;,&quot;id&quot;:&quot;&quot;,&quot;size&quot;:&quot;&quot;},&quot;jet_parallax_layout_speed&quot;:{&quot;unit&quot;:&quot;%&quot;,&quot;size&quot;:50,&quot;sizes&quot;:[]},&quot;jet_parallax_layout_type&quot;:&quot;scroll&quot;,&quot;jet_parallax_layout_direction&quot;:&quot;1&quot;,&quot;jet_parallax_layout_fx_direction&quot;:null,&quot;jet_parallax_layout_z_index&quot;:&quot;&quot;,&quot;jet_parallax_layout_bg_x&quot;:50,&quot;jet_parallax_layout_bg_x_tablet&quot;:&quot;&quot;,&quot;jet_parallax_layout_bg_x_mobile&quot;:&quot;&quot;,&quot;jet_parallax_layout_bg_y&quot;:50,&quot;jet_parallax_layout_bg_y_tablet&quot;:&quot;&quot;,&quot;jet_parallax_layout_bg_y_mobile&quot;:&quot;&quot;,&quot;jet_parallax_layout_bg_size&quot;:&quot;auto&quot;,&quot;jet_parallax_layout_bg_size_tablet&quot;:&quot;&quot;,&quot;jet_parallax_layout_bg_size_mobile&quot;:&quot;&quot;,&quot;jet_parallax_layout_animation_prop&quot;:&quot;transform&quot;,&quot;jet_parallax_layout_on&quot;:[&quot;desktop&quot;,&quot;tablet&quot;]}]}\">\n\t\t\t\t\t\t<div class=\"elementor-container elementor-column-gap-default\">\n\t\t\t\t\t<div class=\"elementor-column elementor-col-100 elementor-top-column elementor-element elementor-element-6dc54e3\" data-id=\"6dc54e3\" data-element_type=\"column\" data-e-type=\"column\">\n\t\t\t<div class=\"elementor-widget-wrap elementor-element-populated\">\n\t\t\t\t\t\t<div class=\"elementor-element elementor-element-9595989 elementor-align-center elementor-widget elementor-widget-raven-divider\" data-id=\"9595989\" data-element_type=\"widget\" data-e-type=\"widget\" data-widget_type=\"raven-divider.default\">\n\t\t\t\t<div class=\"elementor-widget-container\">\n\t\t\t\t\t\t\t<div class=\"raven-widget-wrapper\">\n\t\t\t<div class=\"raven-divider\">\n\t\t\t\t<span class=\"raven-divider-line raven-divider-solid\"><\/span>\n\t\t\t<\/div>\n\t\t<\/div>\n\t\t\t\t\t\t<\/div>\n\t\t\t\t<\/div>\n\t\t\t\t\t<\/div>\n\t\t<\/div>\n\t\t\t\t\t<\/div>\n\t\t<\/section>\n\t\t\t\t<section class=\"elementor-section elementor-top-section elementor-element elementor-element-f556aa6 elementor-section-boxed elementor-section-height-default elementor-section-height-default\" data-id=\"f556aa6\" data-element_type=\"section\" data-e-type=\"section\" data-settings=\"{&quot;jet_parallax_layout_list&quot;:[{&quot;jet_parallax_layout_image&quot;:{&quot;url&quot;:&quot;&quot;,&quot;id&quot;:&quot;&quot;,&quot;size&quot;:&quot;&quot;},&quot;_id&quot;:&quot;7ff37ea&quot;,&quot;jet_parallax_layout_image_tablet&quot;:{&quot;url&quot;:&quot;&quot;,&quot;id&quot;:&quot;&quot;,&quot;size&quot;:&quot;&quot;},&quot;jet_parallax_layout_image_mobile&quot;:{&quot;url&quot;:&quot;&quot;,&quot;id&quot;:&quot;&quot;,&quot;size&quot;:&quot;&quot;},&quot;jet_parallax_layout_speed&quot;:{&quot;unit&quot;:&quot;%&quot;,&quot;size&quot;:50,&quot;sizes&quot;:[]},&quot;jet_parallax_layout_type&quot;:&quot;scroll&quot;,&quot;jet_parallax_layout_direction&quot;:&quot;1&quot;,&quot;jet_parallax_layout_fx_direction&quot;:null,&quot;jet_parallax_layout_z_index&quot;:&quot;&quot;,&quot;jet_parallax_layout_bg_x&quot;:50,&quot;jet_parallax_layout_bg_x_tablet&quot;:&quot;&quot;,&quot;jet_parallax_layout_bg_x_mobile&quot;:&quot;&quot;,&quot;jet_parallax_layout_bg_y&quot;:50,&quot;jet_parallax_layout_bg_y_tablet&quot;:&quot;&quot;,&quot;jet_parallax_layout_bg_y_mobile&quot;:&quot;&quot;,&quot;jet_parallax_layout_bg_size&quot;:&quot;auto&quot;,&quot;jet_parallax_layout_bg_size_tablet&quot;:&quot;&quot;,&quot;jet_parallax_layout_bg_size_mobile&quot;:&quot;&quot;,&quot;jet_parallax_layout_animation_prop&quot;:&quot;transform&quot;,&quot;jet_parallax_layout_on&quot;:[&quot;desktop&quot;,&quot;tablet&quot;]}]}\">\n\t\t\t\t\t\t<div class=\"elementor-container elementor-column-gap-default\">\n\t\t\t\t\t<div class=\"elementor-column elementor-col-100 elementor-top-column elementor-element elementor-element-544ad95\" data-id=\"544ad95\" data-element_type=\"column\" data-e-type=\"column\">\n\t\t\t<div class=\"elementor-widget-wrap elementor-element-populated\">\n\t\t\t\t\t\t<div class=\"elementor-element elementor-element-53eb40b elementor-widget elementor-widget-text-editor\" data-id=\"53eb40b\" data-element_type=\"widget\" data-e-type=\"widget\" data-widget_type=\"text-editor.default\">\n\t\t\t\t<div class=\"elementor-widget-container\">\n\t\t\t\t\t\t\t\t\t<p>Eine normal gro\u00dfe Brust, die nach Schwangerschaft, Stillzeit oder Gewichtsabnahme ihre Form und F\u00fclle verloren hat, kann st\u00f6rend sein und das Selbstwertgef\u00fchl einer Frau deutlich mindern. Sie wirkt oft \u201eleer\u201c und es fehlen die \u00e4u\u00dferen Zeichen der Sexualit\u00e4t.<br \/>Bei unterschiedlicher Brustgr\u00f6\u00dfe (Asymmetrie) oder bei einer Erschlaffung der Haut (Schwangerschaft, Gewichtsabnahme) verhilft die Plastische Chirurgie durch die Bruststraffung zu einer sch\u00f6neren Form. In manchen F\u00e4llen ist es sinnvoll eine Vergr\u00f6sserung mit einem Implantat zum Zeitpunkt der Bruststraffung vorzunehmen. Durch die Vergr\u00f6sserung verbessert sich oft die Hautqualit\u00e4t und die sch\u00f6ne, harmonische Form kann f\u00fcr l\u00e4ngere Zeit erhalten bleiben.<\/p><p><strong>Operation<\/strong><\/p><p>Die \u00fcbersch\u00fcssige Haut wird entsprechend der Vorplanung und der gemeinsamen Aufzeichnung mit der Patientin nach Besprechung, entfernt. Die Brustwarze bleibt in den meisten F\u00e4llen am Brustdr\u00fcsengewebe belassen, das Gewebe wird zu einer rundlichen Form modelliert und die Haut wird entsprechend angepasst. Die L\u00e4nge der erforderlichen Narben h\u00e4ngt vom Ausma\u00df der Korrektur ab.<br \/>Bei der Bruststraffung wird die \u00fcbersch\u00fcssige Haut entfernt und die Brust neu geformt. Meistens wird der Brustwarzenhof verkleinert.<\/p><p>In einigen F\u00e4llen, wenn nicht genug eigenes Brustgewebe vorhanden ist, wird zum gleichen Zeitpunkt eine Brustvergr\u00f6\u00dferung durchgef\u00fchrt. Hierzu k\u00f6nnen Sie weitere Informationen unter Brustvergr\u00f6\u00dferung auffinden. Die Wahl der Form, Struktur, Profil (RSD-Demi, RSF-Full, RSC-Cors\u00e9) und Gr\u00f6\u00dfe der Implantate (von 180 bis 1050cc) wird gemeinsam mit der Patientin entsprechend ihren W\u00fcnschen und Vorstellungen getroffen.<\/p><p><strong>Spezielle Instrumente<\/strong><\/p><p>Dr. Solz hat ein spezielles Instrumentarium entwickelt. Es sind besonders der <a href=\"https:\/\/medicon.de\/produkte\/brustdissektor-fuer-die-schonende-gewebedissektion\/\"><span style=\"color: #ff00ff;\">Brustdissektor nach Dr.Solz<\/span>\u00a0<\/a>und die\u00a0<span style=\"color: #ff00ff;\"><a style=\"color: #ff00ff;\" href=\"https:\/\/medicon.de\/produkte\/praeparierschere-zur-gewebepraeparation\/\">Pr\u00e4parierschere nach Dr.Solz<\/a><\/span>. Dieses wird weltweit von der Firma Medicon vertrieben. Mit Hilfe dieses neuen Instrumentes ist eine besonders schonende Operationstechnik m\u00f6glich. Gro\u00dfe Vorteile dieses speziellen Instrumentes sind deutlich geringere Blutungen w\u00e4hrend und nach der Operation sowie einer schnelleren Einheilungszeit. Durch dieses Vorgehen sowie die Verwendung von hochqualitativen Silikon-Implantaten der Firma Motiva k\u00f6nnen wir auf sicherem Wege hervorragende Ergebnisse erzielen.<\/p><p><strong>An\u00e4sthesie<\/strong><\/p><p>Die Straffung der Brust wird meistens in Vollnarkose durchgef\u00fchrt.<\/p><p><strong>Klinikaufenthalt<\/strong><\/p><p>Ein station\u00e4rer Aufenthalt ist in der Regel nicht notwendig, weil die aktuellen An\u00e4sthesieverfahren sehr sicher sind, und die Patientin nach 2-3 Stunden wieder nach Hause darf.<\/p><p><strong>Nach dem Eingriff<\/strong><\/p><p>Das Anheben der Oberarme sollte am Anfang vermieden werden, um die Narbenheilung nicht zu beeinflussen.<br \/>F\u00fcr 6 Wochen nicht auf dem Bauch schlafen.<br \/>Ein Spezial-B\u00fcstenhalter zur Formgebung ist f\u00fcr 6 Wochen zu tragen.<\/p>\t\t\t\t\t\t\t\t<\/div>\n\t\t\t\t<\/div>\n\t\t\t\t\t<\/div>\n\t\t<\/div>\n\t\t\t\t\t<\/div>\n\t\t<\/section>\n\t\t\t\t<\/div>\n\t\t","protected":false},"excerpt":{"rendered":"<p>Bruststraffung (ohne und mit Implantat) Dauer OP Narkoseart Klinikaufenthalt 2,5 Stunden Vollnarkose Ambulant Eine normal gro\u00dfe Brust, die nach Schwangerschaft, Stillzeit oder Gewichtsabnahme ihre Form und F\u00fclle verloren hat, kann st\u00f6rend sein und das Selbstwertgef\u00fchl einer Frau deutlich mindern. Sie wirkt oft \u201eleer\u201c und es fehlen die \u00e4u\u00dferen Zeichen der Sexualit\u00e4t.Bei unterschiedlicher Brustgr\u00f6\u00dfe (Asymmetrie) oder [&hellip;]<\/p>\n","protected":false},"author":1,"featured_media":0,"parent":0,"menu_order":0,"comment_status":"closed","ping_status":"closed","template":"","meta":{"_acf_changed":false,"footnotes":""},"class_list":["post-1607","page","type-page","status-publish","hentry"],"acf":[],"yoast_head":"<!-- This site is optimized with the Yoast SEO plugin v27.3 - https:\/\/yoast.com\/product\/yoast-seo-wordpress\/ -->\n<title>Bruststraffung Mannheim - Plastische Chirurgie Dr. Solz<\/title>\n<meta name=\"description\" content=\"Durch die moderne Bruststraffung kann eine sch\u00f6ne Form der Brust mit wenig Narben erzielt werden. Sch\u00f6nes Decollet\u00e9 wieder herstellen.\" \/>\n<meta name=\"robots\" content=\"index, follow, max-snippet:-1, max-image-preview:large, max-video-preview:-1\" \/>\n<link rel=\"canonical\" href=\"https:\/\/drsolz.de\/en\/bruststraffung-brust-op\/\" \/>\n<meta property=\"og:locale\" content=\"en_GB\" \/>\n<meta property=\"og:type\" content=\"article\" \/>\n<meta property=\"og:title\" content=\"Bruststraffung Mannheim - Plastische Chirurgie Dr. Solz\" \/>\n<meta property=\"og:description\" content=\"Durch die moderne Bruststraffung kann eine sch\u00f6ne Form der Brust mit wenig Narben erzielt werden. Sch\u00f6nes Decollet\u00e9 wieder herstellen.\" \/>\n<meta property=\"og:url\" content=\"https:\/\/drsolz.de\/en\/bruststraffung-brust-op\/\" \/>\n<meta property=\"og:site_name\" content=\"Plastische Chirurgie Dr. Solz\" \/>\n<meta property=\"article:publisher\" content=\"https:\/\/www.facebook.com\/drhermannsolz\" \/>\n<meta property=\"article:modified_time\" content=\"2024-06-20T15:04:10+00:00\" \/>\n<meta name=\"twitter:card\" content=\"summary_large_image\" \/>\n<meta name=\"twitter:site\" content=\"@drhermannsolz\" \/>\n<meta name=\"twitter:label1\" content=\"Estimated reading time\" \/>\n\t<meta name=\"twitter:data1\" content=\"2 minutes\" \/>\n<script type=\"application\/ld+json\" class=\"yoast-schema-graph\">{\"@context\":\"https:\\\/\\\/schema.org\",\"@graph\":[{\"@type\":\"WebPage\",\"@id\":\"https:\\\/\\\/drsolz.de\\\/bruststraffung-brust-op\\\/\",\"url\":\"https:\\\/\\\/drsolz.de\\\/bruststraffung-brust-op\\\/\",\"name\":\"Bruststraffung Mannheim - Plastische Chirurgie Dr. Solz\",\"isPartOf\":{\"@id\":\"https:\\\/\\\/drsolz.de\\\/#website\"},\"datePublished\":\"2021-05-15T11:56:27+00:00\",\"dateModified\":\"2024-06-20T15:04:10+00:00\",\"description\":\"Durch die moderne Bruststraffung kann eine sch\u00f6ne Form der Brust mit wenig Narben erzielt werden. Sch\u00f6nes Decollet\u00e9 wieder herstellen.\",\"breadcrumb\":{\"@id\":\"https:\\\/\\\/drsolz.de\\\/bruststraffung-brust-op\\\/#breadcrumb\"},\"inLanguage\":\"en-GB\",\"potentialAction\":[{\"@type\":\"ReadAction\",\"target\":[\"https:\\\/\\\/drsolz.de\\\/bruststraffung-brust-op\\\/\"]}]},{\"@type\":\"BreadcrumbList\",\"@id\":\"https:\\\/\\\/drsolz.de\\\/bruststraffung-brust-op\\\/#breadcrumb\",\"itemListElement\":[{\"@type\":\"ListItem\",\"position\":1,\"name\":\"Startseite\",\"item\":\"https:\\\/\\\/drsolz.de\\\/\"},{\"@type\":\"ListItem\",\"position\":2,\"name\":\"Bruststraffung Mannheim\"}]},{\"@type\":\"WebSite\",\"@id\":\"https:\\\/\\\/drsolz.de\\\/#website\",\"url\":\"https:\\\/\\\/drsolz.de\\\/\",\"name\":\"Plastische Chirurgie Dr. Solz\",\"description\":\"Facharzt f\u00fcr Plastische und \u00c4sthetische Chirurgie\",\"publisher\":{\"@id\":\"https:\\\/\\\/drsolz.de\\\/#organization\"},\"potentialAction\":[{\"@type\":\"SearchAction\",\"target\":{\"@type\":\"EntryPoint\",\"urlTemplate\":\"https:\\\/\\\/drsolz.de\\\/?s={search_term_string}\"},\"query-input\":{\"@type\":\"PropertyValueSpecification\",\"valueRequired\":true,\"valueName\":\"search_term_string\"}}],\"inLanguage\":\"en-GB\"},{\"@type\":\"Organization\",\"@id\":\"https:\\\/\\\/drsolz.de\\\/#organization\",\"name\":\"Plastische Chirurgie Dr. Solz\",\"url\":\"https:\\\/\\\/drsolz.de\\\/\",\"logo\":{\"@type\":\"ImageObject\",\"inLanguage\":\"en-GB\",\"@id\":\"https:\\\/\\\/drsolz.de\\\/#\\\/schema\\\/logo\\\/image\\\/\",\"url\":\"http:\\\/\\\/drsolz.de\\\/wp-content\\\/uploads\\\/2021\\\/06\\\/Dr_Solz_Facharzt.svg\",\"contentUrl\":\"http:\\\/\\\/drsolz.de\\\/wp-content\\\/uploads\\\/2021\\\/06\\\/Dr_Solz_Facharzt.svg\",\"width\":182.21,\"height\":91.22,\"caption\":\"Plastische Chirurgie Dr. Solz\"},\"image\":{\"@id\":\"https:\\\/\\\/drsolz.de\\\/#\\\/schema\\\/logo\\\/image\\\/\"},\"sameAs\":[\"https:\\\/\\\/www.facebook.com\\\/drhermannsolz\",\"https:\\\/\\\/x.com\\\/drhermannsolz\",\"https:\\\/\\\/www.instagram.com\\\/dr.hermann_solz\\\/\"]}]}<\/script>\n<!-- \/ Yoast SEO plugin. -->","yoast_head_json":{"title":"Bruststraffung Mannheim - Plastische Chirurgie Dr. Solz","description":"Durch die moderne Bruststraffung kann eine sch\u00f6ne Form der Brust mit wenig Narben erzielt werden. Sch\u00f6nes Decollet\u00e9 wieder herstellen.","robots":{"index":"index","follow":"follow","max-snippet":"max-snippet:-1","max-image-preview":"max-image-preview:large","max-video-preview":"max-video-preview:-1"},"canonical":"https:\/\/drsolz.de\/en\/bruststraffung-brust-op\/","og_locale":"en_GB","og_type":"article","og_title":"Bruststraffung Mannheim - Plastische Chirurgie Dr. Solz","og_description":"Durch die moderne Bruststraffung kann eine sch\u00f6ne Form der Brust mit wenig Narben erzielt werden. Sch\u00f6nes Decollet\u00e9 wieder herstellen.","og_url":"https:\/\/drsolz.de\/en\/bruststraffung-brust-op\/","og_site_name":"Plastische Chirurgie Dr. Solz","article_publisher":"https:\/\/www.facebook.com\/drhermannsolz","article_modified_time":"2024-06-20T15:04:10+00:00","twitter_card":"summary_large_image","twitter_site":"@drhermannsolz","twitter_misc":{"Estimated reading time":"2 minutes"},"schema":{"@context":"https:\/\/schema.org","@graph":[{"@type":"WebPage","@id":"https:\/\/drsolz.de\/bruststraffung-brust-op\/","url":"https:\/\/drsolz.de\/bruststraffung-brust-op\/","name":"Bruststraffung Mannheim - Plastische Chirurgie Dr. Solz","isPartOf":{"@id":"https:\/\/drsolz.de\/#website"},"datePublished":"2021-05-15T11:56:27+00:00","dateModified":"2024-06-20T15:04:10+00:00","description":"Durch die moderne Bruststraffung kann eine sch\u00f6ne Form der Brust mit wenig Narben erzielt werden. Sch\u00f6nes Decollet\u00e9 wieder herstellen.","breadcrumb":{"@id":"https:\/\/drsolz.de\/bruststraffung-brust-op\/#breadcrumb"},"inLanguage":"en-GB","potentialAction":[{"@type":"ReadAction","target":["https:\/\/drsolz.de\/bruststraffung-brust-op\/"]}]},{"@type":"BreadcrumbList","@id":"https:\/\/drsolz.de\/bruststraffung-brust-op\/#breadcrumb","itemListElement":[{"@type":"ListItem","position":1,"name":"Startseite","item":"https:\/\/drsolz.de\/"},{"@type":"ListItem","position":2,"name":"Bruststraffung Mannheim"}]},{"@type":"WebSite","@id":"https:\/\/drsolz.de\/#website","url":"https:\/\/drsolz.de\/","name":"Plastic Surgery Dr. Solz","description":"Specialist in Plastic and Aesthetic Surgery","publisher":{"@id":"https:\/\/drsolz.de\/#organization"},"potentialAction":[{"@type":"SearchAction","target":{"@type":"EntryPoint","urlTemplate":"https:\/\/drsolz.de\/?s={search_term_string}"},"query-input":{"@type":"PropertyValueSpecification","valueRequired":true,"valueName":"search_term_string"}}],"inLanguage":"en-GB"},{"@type":"Organization","@id":"https:\/\/drsolz.de\/#organization","name":"Plastic Surgery Dr. Solz","url":"https:\/\/drsolz.de\/","logo":{"@type":"ImageObject","inLanguage":"en-GB","@id":"https:\/\/drsolz.de\/#\/schema\/logo\/image\/","url":"http:\/\/drsolz.de\/wp-content\/uploads\/2021\/06\/Dr_Solz_Facharzt.svg","contentUrl":"http:\/\/drsolz.de\/wp-content\/uploads\/2021\/06\/Dr_Solz_Facharzt.svg","width":182.21,"height":91.22,"caption":"Plastische Chirurgie Dr. Solz"},"image":{"@id":"https:\/\/drsolz.de\/#\/schema\/logo\/image\/"},"sameAs":["https:\/\/www.facebook.com\/drhermannsolz","https:\/\/x.com\/drhermannsolz","https:\/\/www.instagram.com\/dr.hermann_solz\/"]}]}},"_links":{"self":[{"href":"https:\/\/drsolz.de\/en\/wp-json\/wp\/v2\/pages\/1607","targetHints":{"allow":["GET"]}}],"collection":[{"href":"https:\/\/drsolz.de\/en\/wp-json\/wp\/v2\/pages"}],"about":[{"href":"https:\/\/drsolz.de\/en\/wp-json\/wp\/v2\/types\/page"}],"author":[{"embeddable":true,"href":"https:\/\/drsolz.de\/en\/wp-json\/wp\/v2\/users\/1"}],"replies":[{"embeddable":true,"href":"https:\/\/drsolz.de\/en\/wp-json\/wp\/v2\/comments?post=1607"}],"version-history":[{"count":37,"href":"https:\/\/drsolz.de\/en\/wp-json\/wp\/v2\/pages\/1607\/revisions"}],"predecessor-version":[{"id":4352,"href":"https:\/\/drsolz.de\/en\/wp-json\/wp\/v2\/pages\/1607\/revisions\/4352"}],"wp:attachment":[{"href":"https:\/\/drsolz.de\/en\/wp-json\/wp\/v2\/media?parent=1607"}],"curies":[{"name":"wp","href":"https:\/\/api.w.org\/{rel}","templated":true}]}}