{"id":1554,"date":"2021-05-15T13:36:22","date_gmt":"2021-05-15T11:36:22","guid":{"rendered":"http:\/\/drsolz.de\/?page_id=1554"},"modified":"2024-06-30T15:14:45","modified_gmt":"2024-06-30T13:14:45","slug":"facelifting","status":"publish","type":"page","link":"https:\/\/drsolz.de\/en\/facelifting\/","title":{"rendered":"Facelifting Mannheim"},"content":{"rendered":"\t\t<div data-elementor-type=\"wp-page\" data-elementor-id=\"1554\" class=\"elementor elementor-1554\" data-elementor-post-type=\"page\">\n\t\t\t\t\t\t<section class=\"elementor-section elementor-top-section elementor-element elementor-element-02c6bdc elementor-section-boxed elementor-section-height-default elementor-section-height-default\" data-id=\"02c6bdc\" data-element_type=\"section\" data-e-type=\"section\" data-settings=\"{&quot;jet_parallax_layout_list&quot;:[{&quot;jet_parallax_layout_image&quot;:{&quot;url&quot;:&quot;&quot;,&quot;id&quot;:&quot;&quot;,&quot;size&quot;:&quot;&quot;},&quot;_id&quot;:&quot;7f7f3f8&quot;,&quot;jet_parallax_layout_image_tablet&quot;:{&quot;url&quot;:&quot;&quot;,&quot;id&quot;:&quot;&quot;,&quot;size&quot;:&quot;&quot;},&quot;jet_parallax_layout_image_mobile&quot;:{&quot;url&quot;:&quot;&quot;,&quot;id&quot;:&quot;&quot;,&quot;size&quot;:&quot;&quot;},&quot;jet_parallax_layout_speed&quot;:{&quot;unit&quot;:&quot;%&quot;,&quot;size&quot;:50,&quot;sizes&quot;:[]},&quot;jet_parallax_layout_type&quot;:&quot;scroll&quot;,&quot;jet_parallax_layout_direction&quot;:&quot;1&quot;,&quot;jet_parallax_layout_fx_direction&quot;:null,&quot;jet_parallax_layout_z_index&quot;:&quot;&quot;,&quot;jet_parallax_layout_bg_x&quot;:50,&quot;jet_parallax_layout_bg_x_tablet&quot;:&quot;&quot;,&quot;jet_parallax_layout_bg_x_mobile&quot;:&quot;&quot;,&quot;jet_parallax_layout_bg_y&quot;:50,&quot;jet_parallax_layout_bg_y_tablet&quot;:&quot;&quot;,&quot;jet_parallax_layout_bg_y_mobile&quot;:&quot;&quot;,&quot;jet_parallax_layout_bg_size&quot;:&quot;auto&quot;,&quot;jet_parallax_layout_bg_size_tablet&quot;:&quot;&quot;,&quot;jet_parallax_layout_bg_size_mobile&quot;:&quot;&quot;,&quot;jet_parallax_layout_animation_prop&quot;:&quot;transform&quot;,&quot;jet_parallax_layout_on&quot;:[&quot;desktop&quot;,&quot;tablet&quot;]}]}\">\n\t\t\t\t\t\t<div class=\"elementor-container elementor-column-gap-default\">\n\t\t\t\t\t<div class=\"elementor-column elementor-col-100 elementor-top-column elementor-element elementor-element-61ed512\" data-id=\"61ed512\" data-element_type=\"column\" data-e-type=\"column\">\n\t\t\t<div class=\"elementor-widget-wrap elementor-element-populated\">\n\t\t\t\t\t\t<section class=\"elementor-section elementor-inner-section elementor-element elementor-element-b92c30f elementor-section-boxed elementor-section-height-default elementor-section-height-default\" data-id=\"b92c30f\" data-element_type=\"section\" data-e-type=\"section\" data-settings=\"{&quot;jet_parallax_layout_list&quot;:[{&quot;jet_parallax_layout_image&quot;:{&quot;url&quot;:&quot;&quot;,&quot;id&quot;:&quot;&quot;,&quot;size&quot;:&quot;&quot;},&quot;_id&quot;:&quot;f6b7a45&quot;,&quot;jet_parallax_layout_image_tablet&quot;:{&quot;url&quot;:&quot;&quot;,&quot;id&quot;:&quot;&quot;,&quot;size&quot;:&quot;&quot;},&quot;jet_parallax_layout_image_mobile&quot;:{&quot;url&quot;:&quot;&quot;,&quot;id&quot;:&quot;&quot;,&quot;size&quot;:&quot;&quot;},&quot;jet_parallax_layout_speed&quot;:{&quot;unit&quot;:&quot;%&quot;,&quot;size&quot;:50,&quot;sizes&quot;:[]},&quot;jet_parallax_layout_type&quot;:&quot;scroll&quot;,&quot;jet_parallax_layout_direction&quot;:&quot;1&quot;,&quot;jet_parallax_layout_fx_direction&quot;:null,&quot;jet_parallax_layout_z_index&quot;:&quot;&quot;,&quot;jet_parallax_layout_bg_x&quot;:50,&quot;jet_parallax_layout_bg_x_tablet&quot;:&quot;&quot;,&quot;jet_parallax_layout_bg_x_mobile&quot;:&quot;&quot;,&quot;jet_parallax_layout_bg_y&quot;:50,&quot;jet_parallax_layout_bg_y_tablet&quot;:&quot;&quot;,&quot;jet_parallax_layout_bg_y_mobile&quot;:&quot;&quot;,&quot;jet_parallax_layout_bg_size&quot;:&quot;auto&quot;,&quot;jet_parallax_layout_bg_size_tablet&quot;:&quot;&quot;,&quot;jet_parallax_layout_bg_size_mobile&quot;:&quot;&quot;,&quot;jet_parallax_layout_animation_prop&quot;:&quot;transform&quot;,&quot;jet_parallax_layout_on&quot;:[&quot;desktop&quot;,&quot;tablet&quot;]}]}\">\n\t\t\t\t\t\t<div class=\"elementor-container elementor-column-gap-default\">\n\t\t\t\t\t<div class=\"elementor-column elementor-col-50 elementor-inner-column elementor-element elementor-element-11b2497\" data-id=\"11b2497\" data-element_type=\"column\" data-e-type=\"column\">\n\t\t\t<div class=\"elementor-widget-wrap elementor-element-populated\">\n\t\t\t\t\t\t<div class=\"elementor-element elementor-element-9331ff1 elementor-widget elementor-widget-heading\" data-id=\"9331ff1\" data-element_type=\"widget\" data-e-type=\"widget\" data-widget_type=\"heading.default\">\n\t\t\t\t<div class=\"elementor-widget-container\">\n\t\t\t\t\t<h3 class=\"elementor-heading-title elementor-size-default\">Facelifting (Facelift, Face-Neck-Lift)<\/h3>\t\t\t\t<\/div>\n\t\t\t\t<\/div>\n\t\t\t\t\t<\/div>\n\t\t<\/div>\n\t\t\t\t<div class=\"elementor-column elementor-col-50 elementor-inner-column elementor-element elementor-element-be88f5e\" data-id=\"be88f5e\" data-element_type=\"column\" data-e-type=\"column\">\n\t\t\t<div class=\"elementor-widget-wrap elementor-element-populated\">\n\t\t\t\t\t\t<div class=\"elementor-element elementor-element-1ac383f elementor-widget elementor-widget-jet-table\" data-id=\"1ac383f\" data-element_type=\"widget\" data-e-type=\"widget\" data-widget_type=\"jet-table.default\">\n\t\t\t\t<div class=\"elementor-widget-container\">\n\t\t\t\t\t<div class=\"elementor-jet-table jet-elements\">\n\t\t<div class=\"jet-table-wrapper\">\n\t\t\t<table class=\"jet-table jet-table--fa5-compat\">\n\t\t\t\t<thead class=\"jet-table__head\"><tr class=\"jet-table__head-row\"><th class=\"jet-table__cell elementor-repeater-item-d45cfc6 jet-table__head-cell\" scope=\"col\"><div class=\"jet-table__cell-inner\"><div class=\"jet-table__cell-content\"><div class=\"jet-table__cell-text\">Dauer OP<\/div><\/div><\/div><\/th><th class=\"jet-table__cell elementor-repeater-item-5c80cc5 jet-table__head-cell\" scope=\"col\"><div class=\"jet-table__cell-inner\"><div class=\"jet-table__cell-content\"><div class=\"jet-table__cell-text\">Narkoseart<\/div><\/div><\/div><\/th><th class=\"jet-table__cell elementor-repeater-item-8f7c4e3 jet-table__head-cell\" scope=\"col\"><div class=\"jet-table__cell-inner\"><div class=\"jet-table__cell-content\"><div class=\"jet-table__cell-text\">Klinikaufenthalt<\/div><\/div><\/div><\/th><\/tr><\/thead>\n\t\t\t\t\t\t\t\t<tbody class=\"jet-table__body\"><tr class=\"jet-table__body-row elementor-repeater-item-390521c\"><td class=\"jet-table__cell elementor-repeater-item-44dc14b jet-table__body-cell\"><div class=\"jet-table__cell-inner\"><div class=\"jet-table__cell-content\"><div class=\"jet-table__cell-text\">2-3 Stunden<\/div><\/div><\/div><\/td><td class=\"jet-table__cell elementor-repeater-item-c5a7ab8 jet-table__body-cell\"><div class=\"jet-table__cell-inner\"><div class=\"jet-table__cell-content\"><div class=\"jet-table__cell-text\">Vollnarkose oder D\u00e4mmerschlaf<\/div><\/div><\/div><\/td><td class=\"jet-table__cell elementor-repeater-item-b844eae jet-table__body-cell\"><div class=\"jet-table__cell-inner\"><div class=\"jet-table__cell-content\"><div class=\"jet-table__cell-text\">Ambulant<\/div><\/div><\/div><\/td><\/tr><\/tbody>\n\t\t\t<\/table>\n\t\t<\/div>\n\n\t\t<\/div>\t\t\t\t<\/div>\n\t\t\t\t<\/div>\n\t\t\t\t\t<\/div>\n\t\t<\/div>\n\t\t\t\t\t<\/div>\n\t\t<\/section>\n\t\t\t\t\t<\/div>\n\t\t<\/div>\n\t\t\t\t\t<\/div>\n\t\t<\/section>\n\t\t\t\t<section class=\"elementor-section elementor-top-section elementor-element elementor-element-70f7161 elementor-section-boxed elementor-section-height-default elementor-section-height-default\" data-id=\"70f7161\" data-element_type=\"section\" data-e-type=\"section\" data-settings=\"{&quot;jet_parallax_layout_list&quot;:[{&quot;jet_parallax_layout_image&quot;:{&quot;url&quot;:&quot;&quot;,&quot;id&quot;:&quot;&quot;,&quot;size&quot;:&quot;&quot;},&quot;_id&quot;:&quot;d9e986c&quot;,&quot;jet_parallax_layout_image_tablet&quot;:{&quot;url&quot;:&quot;&quot;,&quot;id&quot;:&quot;&quot;,&quot;size&quot;:&quot;&quot;},&quot;jet_parallax_layout_image_mobile&quot;:{&quot;url&quot;:&quot;&quot;,&quot;id&quot;:&quot;&quot;,&quot;size&quot;:&quot;&quot;},&quot;jet_parallax_layout_speed&quot;:{&quot;unit&quot;:&quot;%&quot;,&quot;size&quot;:50,&quot;sizes&quot;:[]},&quot;jet_parallax_layout_type&quot;:&quot;scroll&quot;,&quot;jet_parallax_layout_direction&quot;:&quot;1&quot;,&quot;jet_parallax_layout_fx_direction&quot;:null,&quot;jet_parallax_layout_z_index&quot;:&quot;&quot;,&quot;jet_parallax_layout_bg_x&quot;:50,&quot;jet_parallax_layout_bg_x_tablet&quot;:&quot;&quot;,&quot;jet_parallax_layout_bg_x_mobile&quot;:&quot;&quot;,&quot;jet_parallax_layout_bg_y&quot;:50,&quot;jet_parallax_layout_bg_y_tablet&quot;:&quot;&quot;,&quot;jet_parallax_layout_bg_y_mobile&quot;:&quot;&quot;,&quot;jet_parallax_layout_bg_size&quot;:&quot;auto&quot;,&quot;jet_parallax_layout_bg_size_tablet&quot;:&quot;&quot;,&quot;jet_parallax_layout_bg_size_mobile&quot;:&quot;&quot;,&quot;jet_parallax_layout_animation_prop&quot;:&quot;transform&quot;,&quot;jet_parallax_layout_on&quot;:[&quot;desktop&quot;,&quot;tablet&quot;]}]}\">\n\t\t\t\t\t\t<div class=\"elementor-container elementor-column-gap-default\">\n\t\t\t\t\t<div class=\"elementor-column elementor-col-100 elementor-top-column elementor-element elementor-element-6dc54e3\" data-id=\"6dc54e3\" data-element_type=\"column\" data-e-type=\"column\">\n\t\t\t<div class=\"elementor-widget-wrap elementor-element-populated\">\n\t\t\t\t\t\t<div class=\"elementor-element elementor-element-9595989 elementor-align-center elementor-widget elementor-widget-raven-divider\" data-id=\"9595989\" data-element_type=\"widget\" data-e-type=\"widget\" data-widget_type=\"raven-divider.default\">\n\t\t\t\t<div class=\"elementor-widget-container\">\n\t\t\t\t\t\t\t<div class=\"raven-widget-wrapper\">\n\t\t\t<div class=\"raven-divider\">\n\t\t\t\t<span class=\"raven-divider-line raven-divider-solid\"><\/span>\n\t\t\t<\/div>\n\t\t<\/div>\n\t\t\t\t\t\t<\/div>\n\t\t\t\t<\/div>\n\t\t\t\t\t<\/div>\n\t\t<\/div>\n\t\t\t\t\t<\/div>\n\t\t<\/section>\n\t\t\t\t<section class=\"elementor-section elementor-top-section elementor-element elementor-element-f556aa6 elementor-section-boxed elementor-section-height-default elementor-section-height-default\" data-id=\"f556aa6\" data-element_type=\"section\" data-e-type=\"section\" data-settings=\"{&quot;jet_parallax_layout_list&quot;:[{&quot;jet_parallax_layout_image&quot;:{&quot;url&quot;:&quot;&quot;,&quot;id&quot;:&quot;&quot;,&quot;size&quot;:&quot;&quot;},&quot;_id&quot;:&quot;7ff37ea&quot;,&quot;jet_parallax_layout_image_tablet&quot;:{&quot;url&quot;:&quot;&quot;,&quot;id&quot;:&quot;&quot;,&quot;size&quot;:&quot;&quot;},&quot;jet_parallax_layout_image_mobile&quot;:{&quot;url&quot;:&quot;&quot;,&quot;id&quot;:&quot;&quot;,&quot;size&quot;:&quot;&quot;},&quot;jet_parallax_layout_speed&quot;:{&quot;unit&quot;:&quot;%&quot;,&quot;size&quot;:50,&quot;sizes&quot;:[]},&quot;jet_parallax_layout_type&quot;:&quot;scroll&quot;,&quot;jet_parallax_layout_direction&quot;:&quot;1&quot;,&quot;jet_parallax_layout_fx_direction&quot;:null,&quot;jet_parallax_layout_z_index&quot;:&quot;&quot;,&quot;jet_parallax_layout_bg_x&quot;:50,&quot;jet_parallax_layout_bg_x_tablet&quot;:&quot;&quot;,&quot;jet_parallax_layout_bg_x_mobile&quot;:&quot;&quot;,&quot;jet_parallax_layout_bg_y&quot;:50,&quot;jet_parallax_layout_bg_y_tablet&quot;:&quot;&quot;,&quot;jet_parallax_layout_bg_y_mobile&quot;:&quot;&quot;,&quot;jet_parallax_layout_bg_size&quot;:&quot;auto&quot;,&quot;jet_parallax_layout_bg_size_tablet&quot;:&quot;&quot;,&quot;jet_parallax_layout_bg_size_mobile&quot;:&quot;&quot;,&quot;jet_parallax_layout_animation_prop&quot;:&quot;transform&quot;,&quot;jet_parallax_layout_on&quot;:[&quot;desktop&quot;,&quot;tablet&quot;]}]}\">\n\t\t\t\t\t\t<div class=\"elementor-container elementor-column-gap-default\">\n\t\t\t\t\t<div class=\"elementor-column elementor-col-100 elementor-top-column elementor-element elementor-element-544ad95\" data-id=\"544ad95\" data-element_type=\"column\" data-e-type=\"column\">\n\t\t\t<div class=\"elementor-widget-wrap elementor-element-populated\">\n\t\t\t\t\t\t<div class=\"elementor-element elementor-element-53eb40b elementor-widget elementor-widget-text-editor\" data-id=\"53eb40b\" data-element_type=\"widget\" data-e-type=\"widget\" data-widget_type=\"text-editor.default\">\n\t\t\t\t<div class=\"elementor-widget-container\">\n\t\t\t\t\t\t\t\t\t<p>Die vorzeitige Alterung und Erschlaffung der Haut im Bereich der Wangen und Halspartie muss heutzutage nicht mehr toleriert werden und kann durch ein Facelift (auch Facelifting genannt) optimal korrigiert werden. Die Techniken sind sehr viel schonender und risiko\u00e4rmer geworden. Man kann auch mit weniger \u00fcbersch\u00fcssiger Haut \u201cin W\u00fcrde alt werden\u201d.<\/p><p><strong>Vor der Operation<\/strong><\/p><p>Bitte waschen Sie Ihre Haare vor der Operation. Um eine bessere Wundheilung zu erzielen, ist es sinnvoll eine Woche vor und nach dem Eingriff das Rauchen einzuschr\u00e4nken und keine gerinnungshemmenden Mittel einzunehmen (Aspirin, Marcumar, etc.). T\u00f6nungen und Haarf\u00e4rbungen k\u00f6nnen bis 2 Tage vor der OP oder fr\u00fchestens 4 Wochen nach OP wieder durchgef\u00fchrt werden.<\/p><p><strong>Facelifting Operation<\/strong><\/p><p>Ein nat\u00fcrlicher Gesichtsausdruck sollte unbedingt erhalten bleiben. Eine detaillierte und standardisierte Operationstechnik ist beim Facelifting die beste Voraussetzung f\u00fcr einen Erfolg. \u00dcbersch\u00fcssige Haut, Unterhaut, Muskulatur und Fettgewebe werden entfernt und das \u00fcbrig gebliebene Gewebe an seinen Ursprung wieder fixiert. Hiermit werden die nat\u00fcrlichen individuellen Gesichtsz\u00fcge erhalten und die Resultate der Gravit\u00e4t (Erdanziehungskraft) wieder r\u00fcckg\u00e4ngig gemacht.<br \/>Beim modernen Facelifting wird die Schnittf\u00fchrung so exakt um das Ohr und in die Hautfalten gelegt, dass sie auch nach den ersten Tagen schon wenig sichtbar sind. Die unter der Haut liegende Struktur (SMAS) und der Halsmuskel (Platysma) werden ebenfalls behandelt, sodass wenig Zug auf den \u00e4u\u00dferen Narben besteht und somit die Wundheilung beg\u00fcnstigt wird.<\/p><p><strong>Spezielle Instrumente<\/strong><\/p><p>F\u00fcr die schonende Facelift Operation, hat Dr. Solz ein spezielles Instrumentarium entwickelt. Es handelt sich um die <span style=\"color: #ff00ff;\"><a style=\"color: #ff00ff;\" href=\"https:\/\/www.medicon.de\/3402053\/\">Facelift Schere nach Dr.Solz<\/a><\/span> in 20cm und 15cm (Baby Solz) und den Racket retractor. Diese werden weltweit von der Firma Medicon vertrieben. Durch die Anwendung dieser speziellen Facelift- Scheren kommt es zu geringeren Blutungen w\u00e4hrend der Facelifting Operation und das Gewebe kann schonend behandelt werden. Hierdurch ist die Erholung schneller und die Patientin schneller in ihre normale Aktivit\u00e4ten wieder eingegliedert.<\/p><p><strong>Bet\u00e4ubung beim Facelifting<\/strong><\/p><p>Es hat sich bew\u00e4hrt, diesen Eingriff im \u201cD\u00e4mmerschlaf\u201d und unter \u00f6rtlicher Bet\u00e4ubung durchzuf\u00fchren. Hierdurch werden Herz und Kreislauf nicht stark belastet, und die Risiken einer Nachblutung werden minimiert. Ein An\u00e4sthesist ist w\u00e4hrend des gesamten Eingriffs pr\u00e4sent und \u00fcberwacht die Vitalfunktionen. Nat\u00fcrlich kann der Eingriff auch in Vollnarkose durchgef\u00fchrt werden. Die Entscheidung \u00fcber die beste Narkoseart liegt beim Narkosearzt, Patienten und Operateur.<\/p><p><strong>Klinikaufenthalt<\/strong><\/p><p>Ein station\u00e4rer Aufenthalt ist nicht erforderlich. In der Regel bleiben die Patientinnen und Patienten f\u00fcr 2-3 Stunden in unseren R\u00e4umen (Aufwachraum) bevor sie nach Hause fahren.<\/p><p><strong>Nach dem Facelifting<\/strong><\/p><p>Kopf hochlagern f\u00fcr 3-4 Tage um eine Schwellung zu vermeiden.\u00a0Haare waschen nach 3 Tagen.\u00a0Make-up im Gesicht nach 3 Tagen (nicht auf die Narben!).\u00a0Fadenentfernung und Klammern nach 14 Tagen.<\/p>\t\t\t\t\t\t\t\t<\/div>\n\t\t\t\t<\/div>\n\t\t\t\t\t<\/div>\n\t\t<\/div>\n\t\t\t\t\t<\/div>\n\t\t<\/section>\n\t\t\t\t<\/div>\n\t\t","protected":false},"excerpt":{"rendered":"<p>Facelifting (Facelift, Face-Neck-Lift) Dauer OP Narkoseart Klinikaufenthalt 2-3 Stunden Vollnarkose oder D\u00e4mmerschlaf Ambulant Die vorzeitige Alterung und Erschlaffung der Haut im Bereich der Wangen und Halspartie muss heutzutage nicht mehr toleriert werden und kann durch ein Facelift (auch Facelifting genannt) optimal korrigiert werden. Die Techniken sind sehr viel schonender und risiko\u00e4rmer geworden. Man kann auch [&hellip;]<\/p>\n","protected":false},"author":1,"featured_media":0,"parent":0,"menu_order":0,"comment_status":"closed","ping_status":"closed","template":"","meta":{"_acf_changed":false,"footnotes":""},"class_list":["post-1554","page","type-page","status-publish","hentry"],"acf":[],"yoast_head":"<!-- This site is optimized with the Yoast SEO plugin v27.3 - https:\/\/yoast.com\/product\/yoast-seo-wordpress\/ -->\n<title>Facelifting Mannheim - Plastische Chirurgie Dr. Solz<\/title>\n<meta name=\"description\" content=\"Die schonende Operation und das nat\u00fcrliche Ergebnis sind beim modernen Facelifting wichtige Faktoren f\u00fcr die Zufriedenheit der Patientin.\" \/>\n<meta name=\"robots\" content=\"index, follow, max-snippet:-1, max-image-preview:large, max-video-preview:-1\" \/>\n<link rel=\"canonical\" href=\"https:\/\/drsolz.de\/en\/facelifting\/\" \/>\n<meta property=\"og:locale\" content=\"en_GB\" \/>\n<meta property=\"og:type\" content=\"article\" \/>\n<meta property=\"og:title\" content=\"Facelifting Mannheim - Plastische Chirurgie Dr. Solz\" \/>\n<meta property=\"og:description\" content=\"Die schonende Operation und das nat\u00fcrliche Ergebnis sind beim modernen Facelifting wichtige Faktoren f\u00fcr die Zufriedenheit der Patientin.\" \/>\n<meta property=\"og:url\" content=\"https:\/\/drsolz.de\/en\/facelifting\/\" \/>\n<meta property=\"og:site_name\" content=\"Plastische Chirurgie Dr. Solz\" \/>\n<meta property=\"article:publisher\" content=\"https:\/\/www.facebook.com\/drhermannsolz\" \/>\n<meta property=\"article:modified_time\" content=\"2024-06-30T13:14:45+00:00\" \/>\n<meta name=\"twitter:card\" content=\"summary_large_image\" \/>\n<meta name=\"twitter:site\" content=\"@drhermannsolz\" \/>\n<meta name=\"twitter:label1\" content=\"Estimated reading time\" \/>\n\t<meta name=\"twitter:data1\" content=\"2 minutes\" \/>\n<script type=\"application\/ld+json\" class=\"yoast-schema-graph\">{\"@context\":\"https:\\\/\\\/schema.org\",\"@graph\":[{\"@type\":\"WebPage\",\"@id\":\"https:\\\/\\\/drsolz.de\\\/facelifting\\\/\",\"url\":\"https:\\\/\\\/drsolz.de\\\/facelifting\\\/\",\"name\":\"Facelifting Mannheim - Plastische Chirurgie Dr. Solz\",\"isPartOf\":{\"@id\":\"https:\\\/\\\/drsolz.de\\\/#website\"},\"datePublished\":\"2021-05-15T11:36:22+00:00\",\"dateModified\":\"2024-06-30T13:14:45+00:00\",\"description\":\"Die schonende Operation und das nat\u00fcrliche Ergebnis sind beim modernen Facelifting wichtige Faktoren f\u00fcr die Zufriedenheit der Patientin.\",\"breadcrumb\":{\"@id\":\"https:\\\/\\\/drsolz.de\\\/facelifting\\\/#breadcrumb\"},\"inLanguage\":\"en-GB\",\"potentialAction\":[{\"@type\":\"ReadAction\",\"target\":[\"https:\\\/\\\/drsolz.de\\\/facelifting\\\/\"]}]},{\"@type\":\"BreadcrumbList\",\"@id\":\"https:\\\/\\\/drsolz.de\\\/facelifting\\\/#breadcrumb\",\"itemListElement\":[{\"@type\":\"ListItem\",\"position\":1,\"name\":\"Startseite\",\"item\":\"https:\\\/\\\/drsolz.de\\\/\"},{\"@type\":\"ListItem\",\"position\":2,\"name\":\"Facelifting Mannheim\"}]},{\"@type\":\"WebSite\",\"@id\":\"https:\\\/\\\/drsolz.de\\\/#website\",\"url\":\"https:\\\/\\\/drsolz.de\\\/\",\"name\":\"Plastische Chirurgie Dr. Solz\",\"description\":\"Facharzt f\u00fcr Plastische und \u00c4sthetische Chirurgie\",\"publisher\":{\"@id\":\"https:\\\/\\\/drsolz.de\\\/#organization\"},\"potentialAction\":[{\"@type\":\"SearchAction\",\"target\":{\"@type\":\"EntryPoint\",\"urlTemplate\":\"https:\\\/\\\/drsolz.de\\\/?s={search_term_string}\"},\"query-input\":{\"@type\":\"PropertyValueSpecification\",\"valueRequired\":true,\"valueName\":\"search_term_string\"}}],\"inLanguage\":\"en-GB\"},{\"@type\":\"Organization\",\"@id\":\"https:\\\/\\\/drsolz.de\\\/#organization\",\"name\":\"Plastische Chirurgie Dr. Solz\",\"url\":\"https:\\\/\\\/drsolz.de\\\/\",\"logo\":{\"@type\":\"ImageObject\",\"inLanguage\":\"en-GB\",\"@id\":\"https:\\\/\\\/drsolz.de\\\/#\\\/schema\\\/logo\\\/image\\\/\",\"url\":\"http:\\\/\\\/drsolz.de\\\/wp-content\\\/uploads\\\/2021\\\/06\\\/Dr_Solz_Facharzt.svg\",\"contentUrl\":\"http:\\\/\\\/drsolz.de\\\/wp-content\\\/uploads\\\/2021\\\/06\\\/Dr_Solz_Facharzt.svg\",\"width\":182.21,\"height\":91.22,\"caption\":\"Plastische Chirurgie Dr. Solz\"},\"image\":{\"@id\":\"https:\\\/\\\/drsolz.de\\\/#\\\/schema\\\/logo\\\/image\\\/\"},\"sameAs\":[\"https:\\\/\\\/www.facebook.com\\\/drhermannsolz\",\"https:\\\/\\\/x.com\\\/drhermannsolz\",\"https:\\\/\\\/www.instagram.com\\\/dr.hermann_solz\\\/\"]}]}<\/script>\n<!-- \/ Yoast SEO plugin. -->","yoast_head_json":{"title":"Facelifting Mannheim - Plastische Chirurgie Dr. Solz","description":"Die schonende Operation und das nat\u00fcrliche Ergebnis sind beim modernen Facelifting wichtige Faktoren f\u00fcr die Zufriedenheit der Patientin.","robots":{"index":"index","follow":"follow","max-snippet":"max-snippet:-1","max-image-preview":"max-image-preview:large","max-video-preview":"max-video-preview:-1"},"canonical":"https:\/\/drsolz.de\/en\/facelifting\/","og_locale":"en_GB","og_type":"article","og_title":"Facelifting Mannheim - Plastische Chirurgie Dr. Solz","og_description":"Die schonende Operation und das nat\u00fcrliche Ergebnis sind beim modernen Facelifting wichtige Faktoren f\u00fcr die Zufriedenheit der Patientin.","og_url":"https:\/\/drsolz.de\/en\/facelifting\/","og_site_name":"Plastische Chirurgie Dr. Solz","article_publisher":"https:\/\/www.facebook.com\/drhermannsolz","article_modified_time":"2024-06-30T13:14:45+00:00","twitter_card":"summary_large_image","twitter_site":"@drhermannsolz","twitter_misc":{"Estimated reading time":"2 minutes"},"schema":{"@context":"https:\/\/schema.org","@graph":[{"@type":"WebPage","@id":"https:\/\/drsolz.de\/facelifting\/","url":"https:\/\/drsolz.de\/facelifting\/","name":"Facelifting Mannheim - Plastische Chirurgie Dr. Solz","isPartOf":{"@id":"https:\/\/drsolz.de\/#website"},"datePublished":"2021-05-15T11:36:22+00:00","dateModified":"2024-06-30T13:14:45+00:00","description":"Die schonende Operation und das nat\u00fcrliche Ergebnis sind beim modernen Facelifting wichtige Faktoren f\u00fcr die Zufriedenheit der Patientin.","breadcrumb":{"@id":"https:\/\/drsolz.de\/facelifting\/#breadcrumb"},"inLanguage":"en-GB","potentialAction":[{"@type":"ReadAction","target":["https:\/\/drsolz.de\/facelifting\/"]}]},{"@type":"BreadcrumbList","@id":"https:\/\/drsolz.de\/facelifting\/#breadcrumb","itemListElement":[{"@type":"ListItem","position":1,"name":"Startseite","item":"https:\/\/drsolz.de\/"},{"@type":"ListItem","position":2,"name":"Facelifting Mannheim"}]},{"@type":"WebSite","@id":"https:\/\/drsolz.de\/#website","url":"https:\/\/drsolz.de\/","name":"Plastic Surgery Dr. Solz","description":"Specialist in Plastic and Aesthetic Surgery","publisher":{"@id":"https:\/\/drsolz.de\/#organization"},"potentialAction":[{"@type":"SearchAction","target":{"@type":"EntryPoint","urlTemplate":"https:\/\/drsolz.de\/?s={search_term_string}"},"query-input":{"@type":"PropertyValueSpecification","valueRequired":true,"valueName":"search_term_string"}}],"inLanguage":"en-GB"},{"@type":"Organization","@id":"https:\/\/drsolz.de\/#organization","name":"Plastic Surgery Dr. Solz","url":"https:\/\/drsolz.de\/","logo":{"@type":"ImageObject","inLanguage":"en-GB","@id":"https:\/\/drsolz.de\/#\/schema\/logo\/image\/","url":"http:\/\/drsolz.de\/wp-content\/uploads\/2021\/06\/Dr_Solz_Facharzt.svg","contentUrl":"http:\/\/drsolz.de\/wp-content\/uploads\/2021\/06\/Dr_Solz_Facharzt.svg","width":182.21,"height":91.22,"caption":"Plastische Chirurgie Dr. Solz"},"image":{"@id":"https:\/\/drsolz.de\/#\/schema\/logo\/image\/"},"sameAs":["https:\/\/www.facebook.com\/drhermannsolz","https:\/\/x.com\/drhermannsolz","https:\/\/www.instagram.com\/dr.hermann_solz\/"]}]}},"_links":{"self":[{"href":"https:\/\/drsolz.de\/en\/wp-json\/wp\/v2\/pages\/1554","targetHints":{"allow":["GET"]}}],"collection":[{"href":"https:\/\/drsolz.de\/en\/wp-json\/wp\/v2\/pages"}],"about":[{"href":"https:\/\/drsolz.de\/en\/wp-json\/wp\/v2\/types\/page"}],"author":[{"embeddable":true,"href":"https:\/\/drsolz.de\/en\/wp-json\/wp\/v2\/users\/1"}],"replies":[{"embeddable":true,"href":"https:\/\/drsolz.de\/en\/wp-json\/wp\/v2\/comments?post=1554"}],"version-history":[{"count":47,"href":"https:\/\/drsolz.de\/en\/wp-json\/wp\/v2\/pages\/1554\/revisions"}],"predecessor-version":[{"id":4374,"href":"https:\/\/drsolz.de\/en\/wp-json\/wp\/v2\/pages\/1554\/revisions\/4374"}],"wp:attachment":[{"href":"https:\/\/drsolz.de\/en\/wp-json\/wp\/v2\/media?parent=1554"}],"curies":[{"name":"wp","href":"https:\/\/api.w.org\/{rel}","templated":true}]}}