{"id":1519,"date":"2021-05-15T13:27:16","date_gmt":"2021-05-15T11:27:16","guid":{"rendered":"http:\/\/drsolz.de\/?page_id=1519"},"modified":"2024-06-30T15:14:33","modified_gmt":"2024-06-30T13:14:33","slug":"minilifting","status":"publish","type":"page","link":"https:\/\/drsolz.de\/en\/minilifting\/","title":{"rendered":"Mini lift"},"content":{"rendered":"\t\t<div data-elementor-type=\"wp-page\" data-elementor-id=\"1519\" class=\"elementor elementor-1519\" data-elementor-post-type=\"page\">\n\t\t\t\t\t\t<section class=\"elementor-section elementor-top-section elementor-element elementor-element-02c6bdc elementor-section-boxed elementor-section-height-default elementor-section-height-default\" data-id=\"02c6bdc\" data-element_type=\"section\" data-e-type=\"section\" data-settings=\"{&quot;jet_parallax_layout_list&quot;:[{&quot;jet_parallax_layout_image&quot;:{&quot;url&quot;:&quot;&quot;,&quot;id&quot;:&quot;&quot;,&quot;size&quot;:&quot;&quot;},&quot;_id&quot;:&quot;7f7f3f8&quot;,&quot;jet_parallax_layout_image_tablet&quot;:{&quot;url&quot;:&quot;&quot;,&quot;id&quot;:&quot;&quot;,&quot;size&quot;:&quot;&quot;},&quot;jet_parallax_layout_image_mobile&quot;:{&quot;url&quot;:&quot;&quot;,&quot;id&quot;:&quot;&quot;,&quot;size&quot;:&quot;&quot;},&quot;jet_parallax_layout_speed&quot;:{&quot;unit&quot;:&quot;%&quot;,&quot;size&quot;:50,&quot;sizes&quot;:[]},&quot;jet_parallax_layout_type&quot;:&quot;scroll&quot;,&quot;jet_parallax_layout_direction&quot;:&quot;1&quot;,&quot;jet_parallax_layout_fx_direction&quot;:null,&quot;jet_parallax_layout_z_index&quot;:&quot;&quot;,&quot;jet_parallax_layout_bg_x&quot;:50,&quot;jet_parallax_layout_bg_x_tablet&quot;:&quot;&quot;,&quot;jet_parallax_layout_bg_x_mobile&quot;:&quot;&quot;,&quot;jet_parallax_layout_bg_y&quot;:50,&quot;jet_parallax_layout_bg_y_tablet&quot;:&quot;&quot;,&quot;jet_parallax_layout_bg_y_mobile&quot;:&quot;&quot;,&quot;jet_parallax_layout_bg_size&quot;:&quot;auto&quot;,&quot;jet_parallax_layout_bg_size_tablet&quot;:&quot;&quot;,&quot;jet_parallax_layout_bg_size_mobile&quot;:&quot;&quot;,&quot;jet_parallax_layout_animation_prop&quot;:&quot;transform&quot;,&quot;jet_parallax_layout_on&quot;:[&quot;desktop&quot;,&quot;tablet&quot;]}]}\">\n\t\t\t\t\t\t<div class=\"elementor-container elementor-column-gap-default\">\n\t\t\t\t\t<div class=\"elementor-column elementor-col-100 elementor-top-column elementor-element elementor-element-61ed512\" data-id=\"61ed512\" data-element_type=\"column\" data-e-type=\"column\">\n\t\t\t<div class=\"elementor-widget-wrap elementor-element-populated\">\n\t\t\t\t\t\t<section class=\"elementor-section elementor-inner-section elementor-element elementor-element-d79638e elementor-section-boxed elementor-section-height-default elementor-section-height-default\" data-id=\"d79638e\" data-element_type=\"section\" data-e-type=\"section\" data-settings=\"{&quot;jet_parallax_layout_list&quot;:[{&quot;jet_parallax_layout_image&quot;:{&quot;url&quot;:&quot;&quot;,&quot;id&quot;:&quot;&quot;,&quot;size&quot;:&quot;&quot;},&quot;_id&quot;:&quot;f6b7a45&quot;,&quot;jet_parallax_layout_image_tablet&quot;:{&quot;url&quot;:&quot;&quot;,&quot;id&quot;:&quot;&quot;,&quot;size&quot;:&quot;&quot;},&quot;jet_parallax_layout_image_mobile&quot;:{&quot;url&quot;:&quot;&quot;,&quot;id&quot;:&quot;&quot;,&quot;size&quot;:&quot;&quot;},&quot;jet_parallax_layout_speed&quot;:{&quot;unit&quot;:&quot;%&quot;,&quot;size&quot;:50,&quot;sizes&quot;:[]},&quot;jet_parallax_layout_type&quot;:&quot;scroll&quot;,&quot;jet_parallax_layout_direction&quot;:&quot;1&quot;,&quot;jet_parallax_layout_fx_direction&quot;:null,&quot;jet_parallax_layout_z_index&quot;:&quot;&quot;,&quot;jet_parallax_layout_bg_x&quot;:50,&quot;jet_parallax_layout_bg_x_tablet&quot;:&quot;&quot;,&quot;jet_parallax_layout_bg_x_mobile&quot;:&quot;&quot;,&quot;jet_parallax_layout_bg_y&quot;:50,&quot;jet_parallax_layout_bg_y_tablet&quot;:&quot;&quot;,&quot;jet_parallax_layout_bg_y_mobile&quot;:&quot;&quot;,&quot;jet_parallax_layout_bg_size&quot;:&quot;auto&quot;,&quot;jet_parallax_layout_bg_size_tablet&quot;:&quot;&quot;,&quot;jet_parallax_layout_bg_size_mobile&quot;:&quot;&quot;,&quot;jet_parallax_layout_animation_prop&quot;:&quot;transform&quot;,&quot;jet_parallax_layout_on&quot;:[&quot;desktop&quot;,&quot;tablet&quot;]}]}\">\n\t\t\t\t\t\t<div class=\"elementor-container elementor-column-gap-default\">\n\t\t\t\t\t<div class=\"elementor-column elementor-col-50 elementor-inner-column elementor-element elementor-element-047dc64\" data-id=\"047dc64\" data-element_type=\"column\" data-e-type=\"column\">\n\t\t\t<div class=\"elementor-widget-wrap elementor-element-populated\">\n\t\t\t\t\t\t<div class=\"elementor-element elementor-element-a32d9db elementor-widget elementor-widget-heading\" data-id=\"a32d9db\" data-element_type=\"widget\" data-e-type=\"widget\" data-widget_type=\"heading.default\">\n\t\t\t\t<div class=\"elementor-widget-container\">\n\t\t\t\t\t<h3 class=\"elementor-heading-title elementor-size-default\">Minilifting (Minilift, Model-Lift, Wangenstraffung)<\/h3>\t\t\t\t<\/div>\n\t\t\t\t<\/div>\n\t\t\t\t\t<\/div>\n\t\t<\/div>\n\t\t\t\t<div class=\"elementor-column elementor-col-50 elementor-inner-column elementor-element elementor-element-e5e685c\" data-id=\"e5e685c\" data-element_type=\"column\" data-e-type=\"column\">\n\t\t\t<div class=\"elementor-widget-wrap elementor-element-populated\">\n\t\t\t\t\t\t<div class=\"elementor-element elementor-element-3dc7390 elementor-widget elementor-widget-jet-table\" data-id=\"3dc7390\" data-element_type=\"widget\" data-e-type=\"widget\" data-widget_type=\"jet-table.default\">\n\t\t\t\t<div class=\"elementor-widget-container\">\n\t\t\t\t\t<div class=\"elementor-jet-table jet-elements\">\n\t\t<div class=\"jet-table-wrapper\">\n\t\t\t<table class=\"jet-table jet-table--fa5-compat\">\n\t\t\t\t<thead class=\"jet-table__head\"><tr class=\"jet-table__head-row\"><th class=\"jet-table__cell elementor-repeater-item-d45cfc6 jet-table__head-cell\" scope=\"col\"><div class=\"jet-table__cell-inner\"><div class=\"jet-table__cell-content\"><div class=\"jet-table__cell-text\">Dauer OP<\/div><\/div><\/div><\/th><th class=\"jet-table__cell elementor-repeater-item-5c80cc5 jet-table__head-cell\" scope=\"col\"><div class=\"jet-table__cell-inner\"><div class=\"jet-table__cell-content\"><div class=\"jet-table__cell-text\">Narkoseart<\/div><\/div><\/div><\/th><th class=\"jet-table__cell elementor-repeater-item-8f7c4e3 jet-table__head-cell\" scope=\"col\"><div class=\"jet-table__cell-inner\"><div class=\"jet-table__cell-content\"><div class=\"jet-table__cell-text\">Klinikaufenthalt<\/div><\/div><\/div><\/th><\/tr><\/thead>\n\t\t\t\t\t\t\t\t<tbody class=\"jet-table__body\"><tr class=\"jet-table__body-row elementor-repeater-item-390521c\"><td class=\"jet-table__cell elementor-repeater-item-44dc14b jet-table__body-cell\"><div class=\"jet-table__cell-inner\"><div class=\"jet-table__cell-content\"><div class=\"jet-table__cell-text\">1,5 Stunden<\/div><\/div><\/div><\/td><td class=\"jet-table__cell elementor-repeater-item-c5a7ab8 jet-table__body-cell\"><div class=\"jet-table__cell-inner\"><div class=\"jet-table__cell-content\"><div class=\"jet-table__cell-text\">\u00d6rtliche Bet\u00e4ubung mit oder ohne D\u00e4mmerschlaff<\/div><\/div><\/div><\/td><td class=\"jet-table__cell elementor-repeater-item-b844eae jet-table__body-cell\"><div class=\"jet-table__cell-inner\"><div class=\"jet-table__cell-content\"><div class=\"jet-table__cell-text\">nicht erforderlich<\/div><\/div><\/div><\/td><\/tr><\/tbody>\n\t\t\t<\/table>\n\t\t<\/div>\n\n\t\t<\/div>\t\t\t\t<\/div>\n\t\t\t\t<\/div>\n\t\t\t\t\t<\/div>\n\t\t<\/div>\n\t\t\t\t\t<\/div>\n\t\t<\/section>\n\t\t\t\t\t<\/div>\n\t\t<\/div>\n\t\t\t\t\t<\/div>\n\t\t<\/section>\n\t\t\t\t<section class=\"elementor-section elementor-top-section elementor-element elementor-element-70f7161 elementor-section-boxed elementor-section-height-default elementor-section-height-default\" data-id=\"70f7161\" data-element_type=\"section\" data-e-type=\"section\" data-settings=\"{&quot;jet_parallax_layout_list&quot;:[{&quot;jet_parallax_layout_image&quot;:{&quot;url&quot;:&quot;&quot;,&quot;id&quot;:&quot;&quot;,&quot;size&quot;:&quot;&quot;},&quot;_id&quot;:&quot;d9e986c&quot;,&quot;jet_parallax_layout_image_tablet&quot;:{&quot;url&quot;:&quot;&quot;,&quot;id&quot;:&quot;&quot;,&quot;size&quot;:&quot;&quot;},&quot;jet_parallax_layout_image_mobile&quot;:{&quot;url&quot;:&quot;&quot;,&quot;id&quot;:&quot;&quot;,&quot;size&quot;:&quot;&quot;},&quot;jet_parallax_layout_speed&quot;:{&quot;unit&quot;:&quot;%&quot;,&quot;size&quot;:50,&quot;sizes&quot;:[]},&quot;jet_parallax_layout_type&quot;:&quot;scroll&quot;,&quot;jet_parallax_layout_direction&quot;:&quot;1&quot;,&quot;jet_parallax_layout_fx_direction&quot;:null,&quot;jet_parallax_layout_z_index&quot;:&quot;&quot;,&quot;jet_parallax_layout_bg_x&quot;:50,&quot;jet_parallax_layout_bg_x_tablet&quot;:&quot;&quot;,&quot;jet_parallax_layout_bg_x_mobile&quot;:&quot;&quot;,&quot;jet_parallax_layout_bg_y&quot;:50,&quot;jet_parallax_layout_bg_y_tablet&quot;:&quot;&quot;,&quot;jet_parallax_layout_bg_y_mobile&quot;:&quot;&quot;,&quot;jet_parallax_layout_bg_size&quot;:&quot;auto&quot;,&quot;jet_parallax_layout_bg_size_tablet&quot;:&quot;&quot;,&quot;jet_parallax_layout_bg_size_mobile&quot;:&quot;&quot;,&quot;jet_parallax_layout_animation_prop&quot;:&quot;transform&quot;,&quot;jet_parallax_layout_on&quot;:[&quot;desktop&quot;,&quot;tablet&quot;]}]}\">\n\t\t\t\t\t\t<div class=\"elementor-container elementor-column-gap-default\">\n\t\t\t\t\t<div class=\"elementor-column elementor-col-100 elementor-top-column elementor-element elementor-element-6dc54e3\" data-id=\"6dc54e3\" data-element_type=\"column\" data-e-type=\"column\">\n\t\t\t<div class=\"elementor-widget-wrap elementor-element-populated\">\n\t\t\t\t\t\t<div class=\"elementor-element elementor-element-9595989 elementor-align-center elementor-widget elementor-widget-raven-divider\" data-id=\"9595989\" data-element_type=\"widget\" data-e-type=\"widget\" data-widget_type=\"raven-divider.default\">\n\t\t\t\t<div class=\"elementor-widget-container\">\n\t\t\t\t\t\t\t<div class=\"raven-widget-wrapper\">\n\t\t\t<div class=\"raven-divider\">\n\t\t\t\t<span class=\"raven-divider-line raven-divider-solid\"><\/span>\n\t\t\t<\/div>\n\t\t<\/div>\n\t\t\t\t\t\t<\/div>\n\t\t\t\t<\/div>\n\t\t\t\t\t<\/div>\n\t\t<\/div>\n\t\t\t\t\t<\/div>\n\t\t<\/section>\n\t\t\t\t<section class=\"elementor-section elementor-top-section elementor-element elementor-element-f556aa6 elementor-section-boxed elementor-section-height-default elementor-section-height-default\" data-id=\"f556aa6\" data-element_type=\"section\" data-e-type=\"section\" data-settings=\"{&quot;jet_parallax_layout_list&quot;:[{&quot;jet_parallax_layout_image&quot;:{&quot;url&quot;:&quot;&quot;,&quot;id&quot;:&quot;&quot;,&quot;size&quot;:&quot;&quot;},&quot;_id&quot;:&quot;7ff37ea&quot;,&quot;jet_parallax_layout_image_tablet&quot;:{&quot;url&quot;:&quot;&quot;,&quot;id&quot;:&quot;&quot;,&quot;size&quot;:&quot;&quot;},&quot;jet_parallax_layout_image_mobile&quot;:{&quot;url&quot;:&quot;&quot;,&quot;id&quot;:&quot;&quot;,&quot;size&quot;:&quot;&quot;},&quot;jet_parallax_layout_speed&quot;:{&quot;unit&quot;:&quot;%&quot;,&quot;size&quot;:50,&quot;sizes&quot;:[]},&quot;jet_parallax_layout_type&quot;:&quot;scroll&quot;,&quot;jet_parallax_layout_direction&quot;:&quot;1&quot;,&quot;jet_parallax_layout_fx_direction&quot;:null,&quot;jet_parallax_layout_z_index&quot;:&quot;&quot;,&quot;jet_parallax_layout_bg_x&quot;:50,&quot;jet_parallax_layout_bg_x_tablet&quot;:&quot;&quot;,&quot;jet_parallax_layout_bg_x_mobile&quot;:&quot;&quot;,&quot;jet_parallax_layout_bg_y&quot;:50,&quot;jet_parallax_layout_bg_y_tablet&quot;:&quot;&quot;,&quot;jet_parallax_layout_bg_y_mobile&quot;:&quot;&quot;,&quot;jet_parallax_layout_bg_size&quot;:&quot;auto&quot;,&quot;jet_parallax_layout_bg_size_tablet&quot;:&quot;&quot;,&quot;jet_parallax_layout_bg_size_mobile&quot;:&quot;&quot;,&quot;jet_parallax_layout_animation_prop&quot;:&quot;transform&quot;,&quot;jet_parallax_layout_on&quot;:[&quot;desktop&quot;,&quot;tablet&quot;]}]}\">\n\t\t\t\t\t\t<div class=\"elementor-container elementor-column-gap-default\">\n\t\t\t\t\t<div class=\"elementor-column elementor-col-100 elementor-top-column elementor-element elementor-element-544ad95\" data-id=\"544ad95\" data-element_type=\"column\" data-e-type=\"column\">\n\t\t\t<div class=\"elementor-widget-wrap elementor-element-populated\">\n\t\t\t\t\t\t<div class=\"elementor-element elementor-element-53eb40b elementor-widget elementor-widget-text-editor\" data-id=\"53eb40b\" data-element_type=\"widget\" data-e-type=\"widget\" data-widget_type=\"text-editor.default\">\n\t\t\t\t<div class=\"elementor-widget-container\">\n\t\t\t\t\t\t\t\t\t<p>Heutzutage tendiert man viel fr\u00fcher dazu, eine Korrektur der Gesichtskonturen vorzunehmen, da hierdurch das nat\u00fcrliche und dynamische Aussehen erhalten bleibt. Meistens wird dieser Eingriff im Alter zwischen 30 und 40 Jahren durchgef\u00fchrt. Es wird auch \u201eModel-lift\u201c genannt, da es sehr oft an jungen Models auf ihren Wunsch durchgef\u00fchrt wird.<\/p><p><strong>Vor der Operation<\/strong><\/p><p>Um eine bessere Wundheilung zu erzielen, ist es sinnvoll eine Woche vor und nach dem Eingriff das Rauchen einzuschr\u00e4nken und keine gerinnungshemmenden Medikamente, nach Absprache mit Ihrem behandelnden Arzt, einzunehmen (Aspirin, Marcumar, etc.). Haarf\u00e4rbungen und T\u00f6nungen k\u00f6nnen bis 2 Tage vor der OP oder fr\u00fchestens 3 Wochen nach OP wieder durchgef\u00fchrt werden.<\/p><p><strong>Operation<\/strong><\/p><p>Ein nat\u00fcrlicher Gesichtsausdruck sollte unbedingt erhalten bleiben. Die exakte Schnittf\u00fchrung wird vor der \u00f6rtlichen Bet\u00e4ubung aufgezeichnet und die nat\u00fcrlichen Hautlinien werden respektiert. Eine Unterhautstraffung ist auch bei dem Minilift sinnvoll, da der Straffungseffekt viel l\u00e4nger anh\u00e4lt und der Zug nicht auf der Haut, sondern auf der Unterhaut (SMAS) und Muskulatur sitzt. Hierdurch sind die Narben sp\u00e4ter in den meisten F\u00e4llen fast nicht zu erkennen und das Aussehen wirkt nat\u00fcrlich (keine Maske).<\/p><p><strong>Bet\u00e4ubung<\/strong><\/p><p>Das Minilift oder Model-Lift wird meistens in \u00f6rtlicher Bet\u00e4ubung und ambulanter Behandlung durchgef\u00fchrt. Eine Behandlung in Narkose oder D\u00e4mmerschlaf ist ebenfalls m\u00f6glich.<\/p><p><strong>Spezielle Instrumente<\/strong><\/p><p>F\u00fcr die schonende Minilift Operation, wurde ein spezielles Instrumentarium entwickelt.<\/p><p>Es handelt sich um die <span style=\"color: #ff00ff;\"><a style=\"color: #ff00ff;\" href=\"https:\/\/medicon.de\/produkte\/praeparierschere-zur-gewebepraeparation\/\">Facelift Schere nach Dr. Solz<\/a><\/span>. Diese wird weltweit von der Firma Medicon vertrieben. Durch die Anwendung dieser speziellen Schere kommt es zu geringeren Blutungen w\u00e4hrend der Operation und eine schnellere Erholung durch die schonende Operation.\u00a0<\/p><p><strong>Klinikaufenthalt<\/strong><\/p><p>Ein station\u00e4rer Aufenthalt in der Klinik ist nicht erforderlich. Die Operation wird meistens in \u00f6rtlicher Bet\u00e4ubung durchgef\u00fchrt. Der Eingriff ist nahezu schmerzfrei, und die Schwellungsneigung ist in den meisten F\u00e4llen geringer als bei einer Lidstraffung.<\/p><p><strong>Nach dem Eingriff<\/strong><\/p><p>Kopf hochlagern f\u00fcr 3 Tage um eine Schwellung zu vermeiden. Nach 2 Tagen Haare waschen. Desinfektionsspray t\u00e4glich selbst auftragen. F\u00e4denentfernung nach 14 Tagen.<\/p>\t\t\t\t\t\t\t\t<\/div>\n\t\t\t\t<\/div>\n\t\t\t\t\t<\/div>\n\t\t<\/div>\n\t\t\t\t\t<\/div>\n\t\t<\/section>\n\t\t\t\t<\/div>\n\t\t","protected":false},"excerpt":{"rendered":"<p>Minilifting (Minilift, Model-Lift, Wangenstraffung) Dauer OP Narkoseart Klinikaufenthalt 1,5 Stunden \u00d6rtliche Bet\u00e4ubung mit oder ohne D\u00e4mmerschlaff nicht erforderlich Heutzutage tendiert man viel fr\u00fcher dazu, eine Korrektur der Gesichtskonturen vorzunehmen, da hierdurch das nat\u00fcrliche und dynamische Aussehen erhalten bleibt. Meistens wird dieser Eingriff im Alter zwischen 30 und 40 Jahren durchgef\u00fchrt. Es wird auch \u201eModel-lift\u201c genannt, [&hellip;]<\/p>\n","protected":false},"author":1,"featured_media":0,"parent":0,"menu_order":0,"comment_status":"closed","ping_status":"closed","template":"","meta":{"_acf_changed":false,"footnotes":""},"class_list":["post-1519","page","type-page","status-publish","hentry"],"acf":[],"yoast_head":"<!-- This site is optimized with the Yoast SEO plugin v27.3 - https:\/\/yoast.com\/product\/yoast-seo-wordpress\/ -->\n<title>Minilifting - Plastische Chirurgie Dr. Solz<\/title>\n<meta name=\"description\" content=\"Frisch und erholt aussehen, das m\u00f6chten wir alle. Das Minilift, auch Modellift genannt ist f\u00fcr die Aufrischung des Gesichtes indiziert.\" \/>\n<meta name=\"robots\" content=\"index, follow, max-snippet:-1, max-image-preview:large, max-video-preview:-1\" \/>\n<link rel=\"canonical\" href=\"https:\/\/drsolz.de\/en\/minilifting\/\" \/>\n<meta property=\"og:locale\" content=\"en_GB\" \/>\n<meta property=\"og:type\" content=\"article\" \/>\n<meta property=\"og:title\" content=\"Minilifting - Plastische Chirurgie Dr. Solz\" \/>\n<meta property=\"og:description\" content=\"Frisch und erholt aussehen, das m\u00f6chten wir alle. Das Minilift, auch Modellift genannt ist f\u00fcr die Aufrischung des Gesichtes indiziert.\" \/>\n<meta property=\"og:url\" content=\"https:\/\/drsolz.de\/en\/minilifting\/\" \/>\n<meta property=\"og:site_name\" content=\"Plastische Chirurgie Dr. Solz\" \/>\n<meta property=\"article:publisher\" content=\"https:\/\/www.facebook.com\/drhermannsolz\" \/>\n<meta property=\"article:modified_time\" content=\"2024-06-30T13:14:33+00:00\" \/>\n<meta name=\"twitter:card\" content=\"summary_large_image\" \/>\n<meta name=\"twitter:site\" content=\"@drhermannsolz\" \/>\n<meta name=\"twitter:label1\" content=\"Estimated reading time\" \/>\n\t<meta name=\"twitter:data1\" content=\"2 minutes\" \/>\n<script type=\"application\/ld+json\" class=\"yoast-schema-graph\">{\"@context\":\"https:\\\/\\\/schema.org\",\"@graph\":[{\"@type\":\"WebPage\",\"@id\":\"https:\\\/\\\/drsolz.de\\\/minilifting\\\/\",\"url\":\"https:\\\/\\\/drsolz.de\\\/minilifting\\\/\",\"name\":\"Minilifting - Plastische Chirurgie Dr. Solz\",\"isPartOf\":{\"@id\":\"https:\\\/\\\/drsolz.de\\\/#website\"},\"datePublished\":\"2021-05-15T11:27:16+00:00\",\"dateModified\":\"2024-06-30T13:14:33+00:00\",\"description\":\"Frisch und erholt aussehen, das m\u00f6chten wir alle. Das Minilift, auch Modellift genannt ist f\u00fcr die Aufrischung des Gesichtes indiziert.\",\"breadcrumb\":{\"@id\":\"https:\\\/\\\/drsolz.de\\\/minilifting\\\/#breadcrumb\"},\"inLanguage\":\"en-GB\",\"potentialAction\":[{\"@type\":\"ReadAction\",\"target\":[\"https:\\\/\\\/drsolz.de\\\/minilifting\\\/\"]}]},{\"@type\":\"BreadcrumbList\",\"@id\":\"https:\\\/\\\/drsolz.de\\\/minilifting\\\/#breadcrumb\",\"itemListElement\":[{\"@type\":\"ListItem\",\"position\":1,\"name\":\"Startseite\",\"item\":\"https:\\\/\\\/drsolz.de\\\/\"},{\"@type\":\"ListItem\",\"position\":2,\"name\":\"Minilifting\"}]},{\"@type\":\"WebSite\",\"@id\":\"https:\\\/\\\/drsolz.de\\\/#website\",\"url\":\"https:\\\/\\\/drsolz.de\\\/\",\"name\":\"Plastische Chirurgie Dr. Solz\",\"description\":\"Facharzt f\u00fcr Plastische und \u00c4sthetische Chirurgie\",\"publisher\":{\"@id\":\"https:\\\/\\\/drsolz.de\\\/#organization\"},\"potentialAction\":[{\"@type\":\"SearchAction\",\"target\":{\"@type\":\"EntryPoint\",\"urlTemplate\":\"https:\\\/\\\/drsolz.de\\\/?s={search_term_string}\"},\"query-input\":{\"@type\":\"PropertyValueSpecification\",\"valueRequired\":true,\"valueName\":\"search_term_string\"}}],\"inLanguage\":\"en-GB\"},{\"@type\":\"Organization\",\"@id\":\"https:\\\/\\\/drsolz.de\\\/#organization\",\"name\":\"Plastische Chirurgie Dr. Solz\",\"url\":\"https:\\\/\\\/drsolz.de\\\/\",\"logo\":{\"@type\":\"ImageObject\",\"inLanguage\":\"en-GB\",\"@id\":\"https:\\\/\\\/drsolz.de\\\/#\\\/schema\\\/logo\\\/image\\\/\",\"url\":\"http:\\\/\\\/drsolz.de\\\/wp-content\\\/uploads\\\/2021\\\/06\\\/Dr_Solz_Facharzt.svg\",\"contentUrl\":\"http:\\\/\\\/drsolz.de\\\/wp-content\\\/uploads\\\/2021\\\/06\\\/Dr_Solz_Facharzt.svg\",\"width\":182.21,\"height\":91.22,\"caption\":\"Plastische Chirurgie Dr. Solz\"},\"image\":{\"@id\":\"https:\\\/\\\/drsolz.de\\\/#\\\/schema\\\/logo\\\/image\\\/\"},\"sameAs\":[\"https:\\\/\\\/www.facebook.com\\\/drhermannsolz\",\"https:\\\/\\\/x.com\\\/drhermannsolz\",\"https:\\\/\\\/www.instagram.com\\\/dr.hermann_solz\\\/\"]}]}<\/script>\n<!-- \/ Yoast SEO plugin. -->","yoast_head_json":{"title":"Minilifting - Plastische Chirurgie Dr. Solz","description":"Frisch und erholt aussehen, das m\u00f6chten wir alle. Das Minilift, auch Modellift genannt ist f\u00fcr die Aufrischung des Gesichtes indiziert.","robots":{"index":"index","follow":"follow","max-snippet":"max-snippet:-1","max-image-preview":"max-image-preview:large","max-video-preview":"max-video-preview:-1"},"canonical":"https:\/\/drsolz.de\/en\/minilifting\/","og_locale":"en_GB","og_type":"article","og_title":"Minilifting - Plastische Chirurgie Dr. Solz","og_description":"Frisch und erholt aussehen, das m\u00f6chten wir alle. Das Minilift, auch Modellift genannt ist f\u00fcr die Aufrischung des Gesichtes indiziert.","og_url":"https:\/\/drsolz.de\/en\/minilifting\/","og_site_name":"Plastische Chirurgie Dr. Solz","article_publisher":"https:\/\/www.facebook.com\/drhermannsolz","article_modified_time":"2024-06-30T13:14:33+00:00","twitter_card":"summary_large_image","twitter_site":"@drhermannsolz","twitter_misc":{"Estimated reading time":"2 minutes"},"schema":{"@context":"https:\/\/schema.org","@graph":[{"@type":"WebPage","@id":"https:\/\/drsolz.de\/minilifting\/","url":"https:\/\/drsolz.de\/minilifting\/","name":"Minilifting - Plastische Chirurgie Dr. Solz","isPartOf":{"@id":"https:\/\/drsolz.de\/#website"},"datePublished":"2021-05-15T11:27:16+00:00","dateModified":"2024-06-30T13:14:33+00:00","description":"Frisch und erholt aussehen, das m\u00f6chten wir alle. Das Minilift, auch Modellift genannt ist f\u00fcr die Aufrischung des Gesichtes indiziert.","breadcrumb":{"@id":"https:\/\/drsolz.de\/minilifting\/#breadcrumb"},"inLanguage":"en-GB","potentialAction":[{"@type":"ReadAction","target":["https:\/\/drsolz.de\/minilifting\/"]}]},{"@type":"BreadcrumbList","@id":"https:\/\/drsolz.de\/minilifting\/#breadcrumb","itemListElement":[{"@type":"ListItem","position":1,"name":"Startseite","item":"https:\/\/drsolz.de\/"},{"@type":"ListItem","position":2,"name":"Minilifting"}]},{"@type":"WebSite","@id":"https:\/\/drsolz.de\/#website","url":"https:\/\/drsolz.de\/","name":"Plastic Surgery Dr. Solz","description":"Specialist in Plastic and Aesthetic Surgery","publisher":{"@id":"https:\/\/drsolz.de\/#organization"},"potentialAction":[{"@type":"SearchAction","target":{"@type":"EntryPoint","urlTemplate":"https:\/\/drsolz.de\/?s={search_term_string}"},"query-input":{"@type":"PropertyValueSpecification","valueRequired":true,"valueName":"search_term_string"}}],"inLanguage":"en-GB"},{"@type":"Organization","@id":"https:\/\/drsolz.de\/#organization","name":"Plastic Surgery Dr. Solz","url":"https:\/\/drsolz.de\/","logo":{"@type":"ImageObject","inLanguage":"en-GB","@id":"https:\/\/drsolz.de\/#\/schema\/logo\/image\/","url":"http:\/\/drsolz.de\/wp-content\/uploads\/2021\/06\/Dr_Solz_Facharzt.svg","contentUrl":"http:\/\/drsolz.de\/wp-content\/uploads\/2021\/06\/Dr_Solz_Facharzt.svg","width":182.21,"height":91.22,"caption":"Plastische Chirurgie Dr. Solz"},"image":{"@id":"https:\/\/drsolz.de\/#\/schema\/logo\/image\/"},"sameAs":["https:\/\/www.facebook.com\/drhermannsolz","https:\/\/x.com\/drhermannsolz","https:\/\/www.instagram.com\/dr.hermann_solz\/"]}]}},"_links":{"self":[{"href":"https:\/\/drsolz.de\/en\/wp-json\/wp\/v2\/pages\/1519","targetHints":{"allow":["GET"]}}],"collection":[{"href":"https:\/\/drsolz.de\/en\/wp-json\/wp\/v2\/pages"}],"about":[{"href":"https:\/\/drsolz.de\/en\/wp-json\/wp\/v2\/types\/page"}],"author":[{"embeddable":true,"href":"https:\/\/drsolz.de\/en\/wp-json\/wp\/v2\/users\/1"}],"replies":[{"embeddable":true,"href":"https:\/\/drsolz.de\/en\/wp-json\/wp\/v2\/comments?post=1519"}],"version-history":[{"count":50,"href":"https:\/\/drsolz.de\/en\/wp-json\/wp\/v2\/pages\/1519\/revisions"}],"predecessor-version":[{"id":4362,"href":"https:\/\/drsolz.de\/en\/wp-json\/wp\/v2\/pages\/1519\/revisions\/4362"}],"wp:attachment":[{"href":"https:\/\/drsolz.de\/en\/wp-json\/wp\/v2\/media?parent=1519"}],"curies":[{"name":"wp","href":"https:\/\/api.w.org\/{rel}","templated":true}]}}