{"id":119,"date":"2019-12-15T05:59:03","date_gmt":"2019-12-15T04:59:03","guid":{"rendered":"https:\/\/jupiterx.artbees.net\/hospital\/?page_id=119"},"modified":"2021-12-25T20:01:09","modified_gmt":"2021-12-25T19:01:09","slug":"blog","status":"publish","type":"page","link":"https:\/\/drsolz.de\/en\/blog\/","title":{"rendered":"Blog"},"content":{"rendered":"\t\t<div data-elementor-type=\"wp-page\" data-elementor-id=\"119\" class=\"elementor elementor-119\" data-elementor-post-type=\"page\">\n\t\t\t\t\t\t<section class=\"elementor-section elementor-top-section elementor-element elementor-element-e4cd885 elementor-section-height-min-height elementor-section-boxed elementor-section-height-default elementor-section-items-middle\" data-id=\"e4cd885\" data-element_type=\"section\" data-e-type=\"section\" data-settings=\"{&quot;jet_parallax_layout_list&quot;:[{&quot;jet_parallax_layout_image&quot;:{&quot;url&quot;:&quot;&quot;,&quot;id&quot;:&quot;&quot;,&quot;size&quot;:&quot;&quot;},&quot;_id&quot;:&quot;e148aec&quot;,&quot;jet_parallax_layout_speed&quot;:{&quot;unit&quot;:&quot;%&quot;,&quot;size&quot;:&quot;50&quot;,&quot;sizes&quot;:[]},&quot;jet_parallax_layout_bg_x&quot;:&quot;50&quot;,&quot;jet_parallax_layout_bg_y&quot;:&quot;50&quot;,&quot;jet_parallax_layout_image_tablet&quot;:{&quot;url&quot;:&quot;&quot;,&quot;id&quot;:&quot;&quot;,&quot;size&quot;:&quot;&quot;},&quot;jet_parallax_layout_image_mobile&quot;:{&quot;url&quot;:&quot;&quot;,&quot;id&quot;:&quot;&quot;,&quot;size&quot;:&quot;&quot;},&quot;jet_parallax_layout_type&quot;:&quot;scroll&quot;,&quot;jet_parallax_layout_direction&quot;:&quot;1&quot;,&quot;jet_parallax_layout_fx_direction&quot;:null,&quot;jet_parallax_layout_z_index&quot;:&quot;&quot;,&quot;jet_parallax_layout_bg_x_tablet&quot;:&quot;&quot;,&quot;jet_parallax_layout_bg_x_mobile&quot;:&quot;&quot;,&quot;jet_parallax_layout_bg_y_tablet&quot;:&quot;&quot;,&quot;jet_parallax_layout_bg_y_mobile&quot;:&quot;&quot;,&quot;jet_parallax_layout_bg_size&quot;:&quot;auto&quot;,&quot;jet_parallax_layout_bg_size_tablet&quot;:&quot;&quot;,&quot;jet_parallax_layout_bg_size_mobile&quot;:&quot;&quot;,&quot;jet_parallax_layout_animation_prop&quot;:&quot;transform&quot;,&quot;jet_parallax_layout_on&quot;:[&quot;desktop&quot;,&quot;tablet&quot;]}],&quot;background_background&quot;:&quot;classic&quot;}\">\n\t\t\t\t\t\t\t<div class=\"elementor-background-overlay\"><\/div>\n\t\t\t\t\t\t\t<div class=\"elementor-container elementor-column-gap-default\">\n\t\t\t\t\t<div class=\"elementor-column elementor-col-100 elementor-top-column elementor-element elementor-element-a35c1ce\" data-id=\"a35c1ce\" data-element_type=\"column\" data-e-type=\"column\">\n\t\t\t<div class=\"elementor-widget-wrap elementor-element-populated\">\n\t\t\t\t\t\t<div class=\"elementor-element elementor-element-4b1bfc1 elementor-align-center elementor-widget elementor-widget-raven-heading\" data-id=\"4b1bfc1\" data-element_type=\"widget\" data-e-type=\"widget\" data-widget_type=\"raven-heading.default\">\n\t\t\t\t<div class=\"elementor-widget-container\">\n\t\t\t\t\t\t\t<div class=\"raven-widget-wrapper\"><h1 class=\"raven-heading raven-heading-h1\"><span class=\"raven-heading-title \">Blog<\/span><\/h1><\/div>\n\t\t\t\t\t\t<\/div>\n\t\t\t\t<\/div>\n\t\t\t\t<div class=\"elementor-element elementor-element-6071291 elementor-align-center elementor-widget elementor-widget-raven-breadcrumbs\" data-id=\"6071291\" data-element_type=\"widget\" data-e-type=\"widget\" data-widget_type=\"raven-breadcrumbs.default\">\n\t\t\t\t<div class=\"elementor-widget-container\">\n\t\t\t\t\t<div class=\"raven-breadcrumbs raven-breadcrumbs-default\"><div class=\"breadcrumb\">\t\t\t\t<div class=\"breadcrumb-item active\" aria-current=\"page\"><span>Home<\/span><\/div>\n\n\t\t\t\t<\/div><\/div>\t\t\t\t<\/div>\n\t\t\t\t<\/div>\n\t\t\t\t\t<\/div>\n\t\t<\/div>\n\t\t\t\t\t<\/div>\n\t\t<\/section>\n\t\t\t\t<section class=\"elementor-section elementor-top-section elementor-element elementor-element-2daf6f3 elementor-section-boxed elementor-section-height-default elementor-section-height-default\" data-id=\"2daf6f3\" data-element_type=\"section\" data-e-type=\"section\" data-settings=\"{&quot;jet_parallax_layout_list&quot;:[{&quot;jet_parallax_layout_image&quot;:{&quot;url&quot;:&quot;&quot;,&quot;id&quot;:&quot;&quot;,&quot;size&quot;:&quot;&quot;},&quot;_id&quot;:&quot;1f1bed4&quot;,&quot;jet_parallax_layout_speed&quot;:{&quot;unit&quot;:&quot;%&quot;,&quot;size&quot;:&quot;50&quot;,&quot;sizes&quot;:[]},&quot;jet_parallax_layout_bg_x&quot;:&quot;50&quot;,&quot;jet_parallax_layout_bg_y&quot;:&quot;50&quot;,&quot;jet_parallax_layout_image_tablet&quot;:{&quot;url&quot;:&quot;&quot;,&quot;id&quot;:&quot;&quot;,&quot;size&quot;:&quot;&quot;},&quot;jet_parallax_layout_image_mobile&quot;:{&quot;url&quot;:&quot;&quot;,&quot;id&quot;:&quot;&quot;,&quot;size&quot;:&quot;&quot;},&quot;jet_parallax_layout_type&quot;:&quot;scroll&quot;,&quot;jet_parallax_layout_direction&quot;:&quot;1&quot;,&quot;jet_parallax_layout_fx_direction&quot;:null,&quot;jet_parallax_layout_z_index&quot;:&quot;&quot;,&quot;jet_parallax_layout_bg_x_tablet&quot;:&quot;&quot;,&quot;jet_parallax_layout_bg_x_mobile&quot;:&quot;&quot;,&quot;jet_parallax_layout_bg_y_tablet&quot;:&quot;&quot;,&quot;jet_parallax_layout_bg_y_mobile&quot;:&quot;&quot;,&quot;jet_parallax_layout_bg_size&quot;:&quot;auto&quot;,&quot;jet_parallax_layout_bg_size_tablet&quot;:&quot;&quot;,&quot;jet_parallax_layout_bg_size_mobile&quot;:&quot;&quot;,&quot;jet_parallax_layout_animation_prop&quot;:&quot;transform&quot;,&quot;jet_parallax_layout_on&quot;:[&quot;desktop&quot;,&quot;tablet&quot;]}]}\">\n\t\t\t\t\t\t<div class=\"elementor-container elementor-column-gap-default\">\n\t\t\t\t\t<div class=\"elementor-column elementor-col-100 elementor-top-column elementor-element elementor-element-49aec4f\" data-id=\"49aec4f\" data-element_type=\"column\" data-e-type=\"column\">\n\t\t\t<div class=\"elementor-widget-wrap elementor-element-populated\">\n\t\t\t\t\t\t<div class=\"elementor-element elementor-element-2f6924f elementor-widget elementor-widget-raven-posts\" data-id=\"2f6924f\" data-element_type=\"widget\" data-e-type=\"widget\" data-settings=\"{&quot;classic_columns&quot;:&quot;2&quot;,&quot;classic_show_pagination&quot;:&quot;yes&quot;,&quot;classic_pagination_type&quot;:&quot;load_more&quot;,&quot;_skin&quot;:&quot;classic&quot;,&quot;classic_layout&quot;:&quot;grid&quot;,&quot;classic_columns_tablet&quot;:&quot;2&quot;,&quot;classic_columns_mobile&quot;:&quot;1&quot;,&quot;query_posts_per_page&quot;:6,&quot;query_offset&quot;:0}\" data-widget_type=\"raven-posts.classic\">\n\t\t\t\t<div class=\"elementor-widget-container\">\n\t\t\t\t\t\t\t<div class=\"raven-posts raven-grid raven-grid-2 raven-grid-mobile-1 raven-grid-tablet-2\" data-post-id=\"119\" data-archive-query=\"\" data-lang=\"\">\n\t\t\t\t<div class=\"raven-grid-item raven-post-item post-1344 post type-post status-publish format-standard hentry category-uncategorized\">\n\t\t\t<div class=\"raven-post\">\n\t\t\t\t\t\t\t\t<div class=\"raven-post-content\">\n\t\t\t\t\t\t\t<div class=\"raven-post-meta\"><a class=\"raven-post-meta-item raven-post-date\" href=\"https:\/\/drsolz.de\/en\/2021\/05\/\" rel=\"bookmark\">14. May 2021<\/a>\n<span class=\"raven-post-meta-divider\">|<\/span>\n<a class=\"raven-post-meta-item raven-post-comments\" href=\"https:\/\/drsolz.de\/en\/2021\/05\/14\/die-brustchirurgie\/#comments\" rel=\"bookmark\">No Comments<\/a><\/div>\n\t\t<h3 class=\"raven-post-title\"><a class=\"raven-post-title-link\" href=\"https:\/\/drsolz.de\/en\/2021\/05\/14\/die-brustchirurgie\/\">Die Brustchirurgie<\/a><\/h3><div class=\"raven-post-excerpt\">Auch wenn britische Wissenschaftler vor Kurzem eine Formel zur Berechnung der Idealproportionen des \u201cperfekten Busens\u201d ermittelt haben wollen &#8230; Wenn die Unzufriedenheit mit der eigenen Brust zu psychischen Beschwerden oder<\/div>\t\t\t\t<\/div>\n\t\t\t<\/div>\n\t\t<\/div>\n\t\t\t\t<div class=\"raven-grid-item raven-post-item post-1339 post type-post status-publish format-standard hentry category-uncategorized\">\n\t\t\t<div class=\"raven-post\">\n\t\t\t\t\t\t\t\t<div class=\"raven-post-content\">\n\t\t\t\t\t\t\t<div class=\"raven-post-meta\"><a class=\"raven-post-meta-item raven-post-date\" href=\"https:\/\/drsolz.de\/en\/2021\/05\/\" rel=\"bookmark\">14. May 2021<\/a>\n<span class=\"raven-post-meta-divider\">|<\/span>\n<a class=\"raven-post-meta-item raven-post-comments\" href=\"https:\/\/drsolz.de\/en\/2021\/05\/14\/die-arztwahl-ist-der-schlussel-zum-erfolg\/#comments\" rel=\"bookmark\">No Comments<\/a><\/div>\n\t\t<h3 class=\"raven-post-title\"><a class=\"raven-post-title-link\" href=\"https:\/\/drsolz.de\/en\/2021\/05\/14\/die-arztwahl-ist-der-schlussel-zum-erfolg\/\">Die Arztwahl ist der Schl\u00fcssel zum Erfolg<\/a><\/h3><div class=\"raven-post-excerpt\">Die \u00c4sthetisch-Plastische Chirurgie stellt einen Teil der Plastischen Chirurgie dar und hat ausschlie\u00dflich das Ziel, den K\u00f6rper des Menschen zu versch\u00f6nern. Der wichtigste Faktor f\u00fcr den Erfolg einer kosmetischen Operation<\/div>\t\t\t\t<\/div>\n\t\t\t<\/div>\n\t\t<\/div>\n\t\t\t\t<\/div>\n\t\t\t\t\t\t<\/div>\n\t\t\t\t<\/div>\n\t\t\t\t\t<\/div>\n\t\t<\/div>\n\t\t\t\t\t<\/div>\n\t\t<\/section>\n\t\t\t\t<\/div>\n\t\t","protected":false},"excerpt":{"rendered":"<p>Blog Home 14. May 2021 | No Comments Die Brustchirurgie Auch wenn britische Wissenschaftler vor Kurzem eine Formel zur Berechnung der Idealproportionen des \u201cperfekten Busens\u201d ermittelt haben wollen \u2026 Wenn die Unzufriedenheit mit der eigenen Brust zu psychischen Beschwerden oder 14. May 2021 | No Comments Die Arztwahl ist der Schl\u00fcssel zum Erfolg Die \u00c4sthetisch-Plastische [&hellip;]<\/p>\n","protected":false},"author":1,"featured_media":0,"parent":0,"menu_order":0,"comment_status":"closed","ping_status":"closed","template":"elementor_header_footer","meta":{"_acf_changed":false,"footnotes":""},"class_list":["post-119","page","type-page","status-publish","hentry"],"acf":[],"yoast_head":"<!-- This site is optimized with the Yoast SEO plugin v27.3 - https:\/\/yoast.com\/product\/yoast-seo-wordpress\/ -->\n<title>Blog - Plastische Chirurgie Dr. Solz<\/title>\n<meta name=\"robots\" content=\"index, follow, max-snippet:-1, max-image-preview:large, max-video-preview:-1\" \/>\n<link rel=\"canonical\" href=\"https:\/\/drsolz.de\/en\/blog\/\" \/>\n<meta property=\"og:locale\" content=\"en_GB\" \/>\n<meta property=\"og:type\" content=\"article\" \/>\n<meta property=\"og:title\" content=\"Blog - Plastische Chirurgie Dr. Solz\" \/>\n<meta property=\"og:description\" content=\"Blog Home 14. May 2021 | No Comments Die Brustchirurgie Auch wenn britische Wissenschaftler vor Kurzem eine Formel zur Berechnung der Idealproportionen des \u201cperfekten Busens\u201d ermittelt haben wollen \u2026 Wenn die Unzufriedenheit mit der eigenen Brust zu psychischen Beschwerden oder 14. May 2021 | No Comments Die Arztwahl ist der Schl\u00fcssel zum Erfolg Die \u00c4sthetisch-Plastische [&hellip;]\" \/>\n<meta property=\"og:url\" content=\"https:\/\/drsolz.de\/en\/blog\/\" \/>\n<meta property=\"og:site_name\" content=\"Plastische Chirurgie Dr. Solz\" \/>\n<meta property=\"article:publisher\" content=\"https:\/\/www.facebook.com\/drhermannsolz\" \/>\n<meta property=\"article:modified_time\" content=\"2021-12-25T19:01:09+00:00\" \/>\n<meta name=\"twitter:card\" content=\"summary_large_image\" \/>\n<meta name=\"twitter:site\" content=\"@drhermannsolz\" \/>\n<meta name=\"twitter:label1\" content=\"Estimated reading time\" \/>\n\t<meta name=\"twitter:data1\" content=\"1 minute\" \/>\n<script type=\"application\/ld+json\" class=\"yoast-schema-graph\">{\"@context\":\"https:\\\/\\\/schema.org\",\"@graph\":[{\"@type\":\"WebPage\",\"@id\":\"https:\\\/\\\/drsolz.de\\\/blog\\\/\",\"url\":\"https:\\\/\\\/drsolz.de\\\/blog\\\/\",\"name\":\"Blog - Plastische Chirurgie Dr. Solz\",\"isPartOf\":{\"@id\":\"https:\\\/\\\/drsolz.de\\\/#website\"},\"datePublished\":\"2019-12-15T04:59:03+00:00\",\"dateModified\":\"2021-12-25T19:01:09+00:00\",\"breadcrumb\":{\"@id\":\"https:\\\/\\\/drsolz.de\\\/blog\\\/#breadcrumb\"},\"inLanguage\":\"en-GB\",\"potentialAction\":[{\"@type\":\"ReadAction\",\"target\":[\"https:\\\/\\\/drsolz.de\\\/blog\\\/\"]}]},{\"@type\":\"BreadcrumbList\",\"@id\":\"https:\\\/\\\/drsolz.de\\\/blog\\\/#breadcrumb\",\"itemListElement\":[{\"@type\":\"ListItem\",\"position\":1,\"name\":\"Startseite\",\"item\":\"https:\\\/\\\/drsolz.de\\\/\"},{\"@type\":\"ListItem\",\"position\":2,\"name\":\"Blog\"}]},{\"@type\":\"WebSite\",\"@id\":\"https:\\\/\\\/drsolz.de\\\/#website\",\"url\":\"https:\\\/\\\/drsolz.de\\\/\",\"name\":\"Plastische Chirurgie Dr. Solz\",\"description\":\"Facharzt f\u00fcr Plastische und \u00c4sthetische Chirurgie\",\"publisher\":{\"@id\":\"https:\\\/\\\/drsolz.de\\\/#organization\"},\"potentialAction\":[{\"@type\":\"SearchAction\",\"target\":{\"@type\":\"EntryPoint\",\"urlTemplate\":\"https:\\\/\\\/drsolz.de\\\/?s={search_term_string}\"},\"query-input\":{\"@type\":\"PropertyValueSpecification\",\"valueRequired\":true,\"valueName\":\"search_term_string\"}}],\"inLanguage\":\"en-GB\"},{\"@type\":\"Organization\",\"@id\":\"https:\\\/\\\/drsolz.de\\\/#organization\",\"name\":\"Plastische Chirurgie Dr. Solz\",\"url\":\"https:\\\/\\\/drsolz.de\\\/\",\"logo\":{\"@type\":\"ImageObject\",\"inLanguage\":\"en-GB\",\"@id\":\"https:\\\/\\\/drsolz.de\\\/#\\\/schema\\\/logo\\\/image\\\/\",\"url\":\"http:\\\/\\\/drsolz.de\\\/wp-content\\\/uploads\\\/2021\\\/06\\\/Dr_Solz_Facharzt.svg\",\"contentUrl\":\"http:\\\/\\\/drsolz.de\\\/wp-content\\\/uploads\\\/2021\\\/06\\\/Dr_Solz_Facharzt.svg\",\"width\":182.21,\"height\":91.22,\"caption\":\"Plastische Chirurgie Dr. Solz\"},\"image\":{\"@id\":\"https:\\\/\\\/drsolz.de\\\/#\\\/schema\\\/logo\\\/image\\\/\"},\"sameAs\":[\"https:\\\/\\\/www.facebook.com\\\/drhermannsolz\",\"https:\\\/\\\/x.com\\\/drhermannsolz\",\"https:\\\/\\\/www.instagram.com\\\/dr.hermann_solz\\\/\"]}]}<\/script>\n<!-- \/ Yoast SEO plugin. -->","yoast_head_json":{"title":"Blog - Plastische Chirurgie Dr. Solz","robots":{"index":"index","follow":"follow","max-snippet":"max-snippet:-1","max-image-preview":"max-image-preview:large","max-video-preview":"max-video-preview:-1"},"canonical":"https:\/\/drsolz.de\/en\/blog\/","og_locale":"en_GB","og_type":"article","og_title":"Blog - Plastische Chirurgie Dr. Solz","og_description":"Blog Home 14. May 2021 | No Comments Die Brustchirurgie Auch wenn britische Wissenschaftler vor Kurzem eine Formel zur Berechnung der Idealproportionen des \u201cperfekten Busens\u201d ermittelt haben wollen \u2026 Wenn die Unzufriedenheit mit der eigenen Brust zu psychischen Beschwerden oder 14. May 2021 | No Comments Die Arztwahl ist der Schl\u00fcssel zum Erfolg Die \u00c4sthetisch-Plastische [&hellip;]","og_url":"https:\/\/drsolz.de\/en\/blog\/","og_site_name":"Plastische Chirurgie Dr. Solz","article_publisher":"https:\/\/www.facebook.com\/drhermannsolz","article_modified_time":"2021-12-25T19:01:09+00:00","twitter_card":"summary_large_image","twitter_site":"@drhermannsolz","twitter_misc":{"Estimated reading time":"1 minute"},"schema":{"@context":"https:\/\/schema.org","@graph":[{"@type":"WebPage","@id":"https:\/\/drsolz.de\/blog\/","url":"https:\/\/drsolz.de\/blog\/","name":"Blog - Plastische Chirurgie Dr. Solz","isPartOf":{"@id":"https:\/\/drsolz.de\/#website"},"datePublished":"2019-12-15T04:59:03+00:00","dateModified":"2021-12-25T19:01:09+00:00","breadcrumb":{"@id":"https:\/\/drsolz.de\/blog\/#breadcrumb"},"inLanguage":"en-GB","potentialAction":[{"@type":"ReadAction","target":["https:\/\/drsolz.de\/blog\/"]}]},{"@type":"BreadcrumbList","@id":"https:\/\/drsolz.de\/blog\/#breadcrumb","itemListElement":[{"@type":"ListItem","position":1,"name":"Startseite","item":"https:\/\/drsolz.de\/"},{"@type":"ListItem","position":2,"name":"Blog"}]},{"@type":"WebSite","@id":"https:\/\/drsolz.de\/#website","url":"https:\/\/drsolz.de\/","name":"Plastic Surgery Dr. Solz","description":"Specialist in Plastic and Aesthetic Surgery","publisher":{"@id":"https:\/\/drsolz.de\/#organization"},"potentialAction":[{"@type":"SearchAction","target":{"@type":"EntryPoint","urlTemplate":"https:\/\/drsolz.de\/?s={search_term_string}"},"query-input":{"@type":"PropertyValueSpecification","valueRequired":true,"valueName":"search_term_string"}}],"inLanguage":"en-GB"},{"@type":"Organization","@id":"https:\/\/drsolz.de\/#organization","name":"Plastic Surgery Dr. Solz","url":"https:\/\/drsolz.de\/","logo":{"@type":"ImageObject","inLanguage":"en-GB","@id":"https:\/\/drsolz.de\/#\/schema\/logo\/image\/","url":"http:\/\/drsolz.de\/wp-content\/uploads\/2021\/06\/Dr_Solz_Facharzt.svg","contentUrl":"http:\/\/drsolz.de\/wp-content\/uploads\/2021\/06\/Dr_Solz_Facharzt.svg","width":182.21,"height":91.22,"caption":"Plastische Chirurgie Dr. Solz"},"image":{"@id":"https:\/\/drsolz.de\/#\/schema\/logo\/image\/"},"sameAs":["https:\/\/www.facebook.com\/drhermannsolz","https:\/\/x.com\/drhermannsolz","https:\/\/www.instagram.com\/dr.hermann_solz\/"]}]}},"_links":{"self":[{"href":"https:\/\/drsolz.de\/en\/wp-json\/wp\/v2\/pages\/119","targetHints":{"allow":["GET"]}}],"collection":[{"href":"https:\/\/drsolz.de\/en\/wp-json\/wp\/v2\/pages"}],"about":[{"href":"https:\/\/drsolz.de\/en\/wp-json\/wp\/v2\/types\/page"}],"author":[{"embeddable":true,"href":"https:\/\/drsolz.de\/en\/wp-json\/wp\/v2\/users\/1"}],"replies":[{"embeddable":true,"href":"https:\/\/drsolz.de\/en\/wp-json\/wp\/v2\/comments?post=119"}],"version-history":[{"count":33,"href":"https:\/\/drsolz.de\/en\/wp-json\/wp\/v2\/pages\/119\/revisions"}],"predecessor-version":[{"id":3682,"href":"https:\/\/drsolz.de\/en\/wp-json\/wp\/v2\/pages\/119\/revisions\/3682"}],"wp:attachment":[{"href":"https:\/\/drsolz.de\/en\/wp-json\/wp\/v2\/media?parent=119"}],"curies":[{"name":"wp","href":"https:\/\/api.w.org\/{rel}","templated":true}]}}