{"id":1511,"date":"2021-05-15T08:54:27","date_gmt":"2021-05-15T06:54:27","guid":{"rendered":"http:\/\/drsolz.de\/?page_id=1511"},"modified":"2024-06-30T15:14:10","modified_gmt":"2024-06-30T13:14:10","slug":"lidstraffung-mannheim","status":"publish","type":"page","link":"http:\/\/drsolz.de\/en\/lidstraffung-mannheim\/","title":{"rendered":"Eye lid lift"},"content":{"rendered":"\t\t<div data-elementor-type=\"wp-page\" data-elementor-id=\"1511\" class=\"elementor elementor-1511\" data-elementor-post-type=\"page\">\n\t\t\t\t\t\t<section class=\"elementor-section elementor-top-section elementor-element elementor-element-02c6bdc elementor-section-boxed elementor-section-height-default elementor-section-height-default\" data-id=\"02c6bdc\" data-element_type=\"section\" data-e-type=\"section\" data-settings=\"{&quot;jet_parallax_layout_list&quot;:[{&quot;jet_parallax_layout_image&quot;:{&quot;url&quot;:&quot;&quot;,&quot;id&quot;:&quot;&quot;,&quot;size&quot;:&quot;&quot;},&quot;_id&quot;:&quot;7f7f3f8&quot;,&quot;jet_parallax_layout_image_tablet&quot;:{&quot;url&quot;:&quot;&quot;,&quot;id&quot;:&quot;&quot;,&quot;size&quot;:&quot;&quot;},&quot;jet_parallax_layout_image_mobile&quot;:{&quot;url&quot;:&quot;&quot;,&quot;id&quot;:&quot;&quot;,&quot;size&quot;:&quot;&quot;},&quot;jet_parallax_layout_speed&quot;:{&quot;unit&quot;:&quot;%&quot;,&quot;size&quot;:50,&quot;sizes&quot;:[]},&quot;jet_parallax_layout_type&quot;:&quot;scroll&quot;,&quot;jet_parallax_layout_direction&quot;:&quot;1&quot;,&quot;jet_parallax_layout_fx_direction&quot;:null,&quot;jet_parallax_layout_z_index&quot;:&quot;&quot;,&quot;jet_parallax_layout_bg_x&quot;:50,&quot;jet_parallax_layout_bg_x_tablet&quot;:&quot;&quot;,&quot;jet_parallax_layout_bg_x_mobile&quot;:&quot;&quot;,&quot;jet_parallax_layout_bg_y&quot;:50,&quot;jet_parallax_layout_bg_y_tablet&quot;:&quot;&quot;,&quot;jet_parallax_layout_bg_y_mobile&quot;:&quot;&quot;,&quot;jet_parallax_layout_bg_size&quot;:&quot;auto&quot;,&quot;jet_parallax_layout_bg_size_tablet&quot;:&quot;&quot;,&quot;jet_parallax_layout_bg_size_mobile&quot;:&quot;&quot;,&quot;jet_parallax_layout_animation_prop&quot;:&quot;transform&quot;,&quot;jet_parallax_layout_on&quot;:[&quot;desktop&quot;,&quot;tablet&quot;]}]}\">\n\t\t\t\t\t\t<div class=\"elementor-container elementor-column-gap-default\">\n\t\t\t\t\t<div class=\"elementor-column elementor-col-100 elementor-top-column elementor-element elementor-element-61ed512\" data-id=\"61ed512\" data-element_type=\"column\" data-e-type=\"column\">\n\t\t\t<div class=\"elementor-widget-wrap elementor-element-populated\">\n\t\t\t\t\t\t<section class=\"elementor-section elementor-inner-section elementor-element elementor-element-881c890 elementor-section-boxed elementor-section-height-default elementor-section-height-default\" data-id=\"881c890\" data-element_type=\"section\" data-e-type=\"section\" data-settings=\"{&quot;jet_parallax_layout_list&quot;:[{&quot;jet_parallax_layout_image&quot;:{&quot;url&quot;:&quot;&quot;,&quot;id&quot;:&quot;&quot;,&quot;size&quot;:&quot;&quot;},&quot;_id&quot;:&quot;f6b7a45&quot;,&quot;jet_parallax_layout_image_tablet&quot;:{&quot;url&quot;:&quot;&quot;,&quot;id&quot;:&quot;&quot;,&quot;size&quot;:&quot;&quot;},&quot;jet_parallax_layout_image_mobile&quot;:{&quot;url&quot;:&quot;&quot;,&quot;id&quot;:&quot;&quot;,&quot;size&quot;:&quot;&quot;},&quot;jet_parallax_layout_speed&quot;:{&quot;unit&quot;:&quot;%&quot;,&quot;size&quot;:50,&quot;sizes&quot;:[]},&quot;jet_parallax_layout_type&quot;:&quot;scroll&quot;,&quot;jet_parallax_layout_direction&quot;:&quot;1&quot;,&quot;jet_parallax_layout_fx_direction&quot;:null,&quot;jet_parallax_layout_z_index&quot;:&quot;&quot;,&quot;jet_parallax_layout_bg_x&quot;:50,&quot;jet_parallax_layout_bg_x_tablet&quot;:&quot;&quot;,&quot;jet_parallax_layout_bg_x_mobile&quot;:&quot;&quot;,&quot;jet_parallax_layout_bg_y&quot;:50,&quot;jet_parallax_layout_bg_y_tablet&quot;:&quot;&quot;,&quot;jet_parallax_layout_bg_y_mobile&quot;:&quot;&quot;,&quot;jet_parallax_layout_bg_size&quot;:&quot;auto&quot;,&quot;jet_parallax_layout_bg_size_tablet&quot;:&quot;&quot;,&quot;jet_parallax_layout_bg_size_mobile&quot;:&quot;&quot;,&quot;jet_parallax_layout_animation_prop&quot;:&quot;transform&quot;,&quot;jet_parallax_layout_on&quot;:[&quot;desktop&quot;,&quot;tablet&quot;]}]}\">\n\t\t\t\t\t\t<div class=\"elementor-container elementor-column-gap-default\">\n\t\t\t\t\t<div class=\"elementor-column elementor-col-50 elementor-inner-column elementor-element elementor-element-0ea7701\" data-id=\"0ea7701\" data-element_type=\"column\" data-e-type=\"column\">\n\t\t\t<div class=\"elementor-widget-wrap elementor-element-populated\">\n\t\t\t\t\t\t<div class=\"elementor-element elementor-element-e3f0fe8 elementor-widget elementor-widget-heading\" data-id=\"e3f0fe8\" data-element_type=\"widget\" data-e-type=\"widget\" data-widget_type=\"heading.default\">\n\t\t\t\t<div class=\"elementor-widget-container\">\n\t\t\t\t\t<h3 class=\"elementor-heading-title elementor-size-default\">Lidstraffung (Lidplastik, Lidkorrektur)<\/h3>\t\t\t\t<\/div>\n\t\t\t\t<\/div>\n\t\t\t\t\t<\/div>\n\t\t<\/div>\n\t\t\t\t<div class=\"elementor-column elementor-col-50 elementor-inner-column elementor-element elementor-element-0193e41\" data-id=\"0193e41\" data-element_type=\"column\" data-e-type=\"column\">\n\t\t\t<div class=\"elementor-widget-wrap elementor-element-populated\">\n\t\t\t\t\t\t<div class=\"elementor-element elementor-element-0d5521b elementor-widget elementor-widget-jet-table\" data-id=\"0d5521b\" data-element_type=\"widget\" data-e-type=\"widget\" data-widget_type=\"jet-table.default\">\n\t\t\t\t<div class=\"elementor-widget-container\">\n\t\t\t\t\t<div class=\"elementor-jet-table jet-elements\">\n\t\t<div class=\"jet-table-wrapper\">\n\t\t\t<table class=\"jet-table jet-table--fa5-compat\">\n\t\t\t\t<thead class=\"jet-table__head\"><tr class=\"jet-table__head-row\"><th class=\"jet-table__cell elementor-repeater-item-d45cfc6 jet-table__head-cell\" scope=\"col\"><div class=\"jet-table__cell-inner\"><div class=\"jet-table__cell-content\"><div class=\"jet-table__cell-text\">Dauer OP <\/div><\/div><\/div><\/th><th class=\"jet-table__cell elementor-repeater-item-5c80cc5 jet-table__head-cell\" scope=\"col\"><div class=\"jet-table__cell-inner\"><div class=\"jet-table__cell-content\"><div class=\"jet-table__cell-text\">Narkoseart<\/div><\/div><\/div><\/th><th class=\"jet-table__cell elementor-repeater-item-8f7c4e3 jet-table__head-cell\" scope=\"col\"><div class=\"jet-table__cell-inner\"><div class=\"jet-table__cell-content\"><div class=\"jet-table__cell-text\">Klinikaufenthalt<\/div><\/div><\/div><\/th><\/tr><\/thead>\n\t\t\t\t\t\t\t\t<tbody class=\"jet-table__body\"><tr class=\"jet-table__body-row elementor-repeater-item-390521c\"><td class=\"jet-table__cell elementor-repeater-item-44dc14b jet-table__body-cell\"><div class=\"jet-table__cell-inner\"><div class=\"jet-table__cell-content\"><div class=\"jet-table__cell-text\">40 Minuten<\/div><\/div><\/div><\/td><td class=\"jet-table__cell elementor-repeater-item-c5a7ab8 jet-table__body-cell\"><div class=\"jet-table__cell-inner\"><div class=\"jet-table__cell-content\"><div class=\"jet-table__cell-text\">\u00d6rtliche Bet\u00e4ubung<\/div><\/div><\/div><\/td><td class=\"jet-table__cell elementor-repeater-item-b844eae jet-table__body-cell\"><div class=\"jet-table__cell-inner\"><div class=\"jet-table__cell-content\"><div class=\"jet-table__cell-text\">Ambulant<\/div><\/div><\/div><\/td><\/tr><\/tbody>\n\t\t\t<\/table>\n\t\t<\/div>\n\n\t\t<\/div>\t\t\t\t<\/div>\n\t\t\t\t<\/div>\n\t\t\t\t\t<\/div>\n\t\t<\/div>\n\t\t\t\t\t<\/div>\n\t\t<\/section>\n\t\t\t\t\t<\/div>\n\t\t<\/div>\n\t\t\t\t\t<\/div>\n\t\t<\/section>\n\t\t\t\t<section class=\"elementor-section elementor-top-section elementor-element elementor-element-70f7161 elementor-section-boxed elementor-section-height-default elementor-section-height-default\" data-id=\"70f7161\" data-element_type=\"section\" data-e-type=\"section\" data-settings=\"{&quot;jet_parallax_layout_list&quot;:[{&quot;jet_parallax_layout_image&quot;:{&quot;url&quot;:&quot;&quot;,&quot;id&quot;:&quot;&quot;,&quot;size&quot;:&quot;&quot;},&quot;_id&quot;:&quot;d9e986c&quot;,&quot;jet_parallax_layout_image_tablet&quot;:{&quot;url&quot;:&quot;&quot;,&quot;id&quot;:&quot;&quot;,&quot;size&quot;:&quot;&quot;},&quot;jet_parallax_layout_image_mobile&quot;:{&quot;url&quot;:&quot;&quot;,&quot;id&quot;:&quot;&quot;,&quot;size&quot;:&quot;&quot;},&quot;jet_parallax_layout_speed&quot;:{&quot;unit&quot;:&quot;%&quot;,&quot;size&quot;:50,&quot;sizes&quot;:[]},&quot;jet_parallax_layout_type&quot;:&quot;scroll&quot;,&quot;jet_parallax_layout_direction&quot;:&quot;1&quot;,&quot;jet_parallax_layout_fx_direction&quot;:null,&quot;jet_parallax_layout_z_index&quot;:&quot;&quot;,&quot;jet_parallax_layout_bg_x&quot;:50,&quot;jet_parallax_layout_bg_x_tablet&quot;:&quot;&quot;,&quot;jet_parallax_layout_bg_x_mobile&quot;:&quot;&quot;,&quot;jet_parallax_layout_bg_y&quot;:50,&quot;jet_parallax_layout_bg_y_tablet&quot;:&quot;&quot;,&quot;jet_parallax_layout_bg_y_mobile&quot;:&quot;&quot;,&quot;jet_parallax_layout_bg_size&quot;:&quot;auto&quot;,&quot;jet_parallax_layout_bg_size_tablet&quot;:&quot;&quot;,&quot;jet_parallax_layout_bg_size_mobile&quot;:&quot;&quot;,&quot;jet_parallax_layout_animation_prop&quot;:&quot;transform&quot;,&quot;jet_parallax_layout_on&quot;:[&quot;desktop&quot;,&quot;tablet&quot;]}]}\">\n\t\t\t\t\t\t<div class=\"elementor-container elementor-column-gap-default\">\n\t\t\t\t\t<div class=\"elementor-column elementor-col-100 elementor-top-column elementor-element elementor-element-6dc54e3\" data-id=\"6dc54e3\" data-element_type=\"column\" data-e-type=\"column\">\n\t\t\t<div class=\"elementor-widget-wrap elementor-element-populated\">\n\t\t\t\t\t\t<div class=\"elementor-element elementor-element-9595989 elementor-align-center elementor-widget elementor-widget-raven-divider\" data-id=\"9595989\" data-element_type=\"widget\" data-e-type=\"widget\" data-widget_type=\"raven-divider.default\">\n\t\t\t\t<div class=\"elementor-widget-container\">\n\t\t\t\t\t\t\t<div class=\"raven-widget-wrapper\">\n\t\t\t<div class=\"raven-divider\">\n\t\t\t\t<span class=\"raven-divider-line raven-divider-solid\"><\/span>\n\t\t\t<\/div>\n\t\t<\/div>\n\t\t\t\t\t\t<\/div>\n\t\t\t\t<\/div>\n\t\t\t\t\t<\/div>\n\t\t<\/div>\n\t\t\t\t\t<\/div>\n\t\t<\/section>\n\t\t\t\t<section class=\"elementor-section elementor-top-section elementor-element elementor-element-f556aa6 elementor-section-boxed elementor-section-height-default elementor-section-height-default\" data-id=\"f556aa6\" data-element_type=\"section\" data-e-type=\"section\" data-settings=\"{&quot;jet_parallax_layout_list&quot;:[{&quot;jet_parallax_layout_image&quot;:{&quot;url&quot;:&quot;&quot;,&quot;id&quot;:&quot;&quot;,&quot;size&quot;:&quot;&quot;},&quot;_id&quot;:&quot;7ff37ea&quot;,&quot;jet_parallax_layout_image_tablet&quot;:{&quot;url&quot;:&quot;&quot;,&quot;id&quot;:&quot;&quot;,&quot;size&quot;:&quot;&quot;},&quot;jet_parallax_layout_image_mobile&quot;:{&quot;url&quot;:&quot;&quot;,&quot;id&quot;:&quot;&quot;,&quot;size&quot;:&quot;&quot;},&quot;jet_parallax_layout_speed&quot;:{&quot;unit&quot;:&quot;%&quot;,&quot;size&quot;:50,&quot;sizes&quot;:[]},&quot;jet_parallax_layout_type&quot;:&quot;scroll&quot;,&quot;jet_parallax_layout_direction&quot;:&quot;1&quot;,&quot;jet_parallax_layout_fx_direction&quot;:null,&quot;jet_parallax_layout_z_index&quot;:&quot;&quot;,&quot;jet_parallax_layout_bg_x&quot;:50,&quot;jet_parallax_layout_bg_x_tablet&quot;:&quot;&quot;,&quot;jet_parallax_layout_bg_x_mobile&quot;:&quot;&quot;,&quot;jet_parallax_layout_bg_y&quot;:50,&quot;jet_parallax_layout_bg_y_tablet&quot;:&quot;&quot;,&quot;jet_parallax_layout_bg_y_mobile&quot;:&quot;&quot;,&quot;jet_parallax_layout_bg_size&quot;:&quot;auto&quot;,&quot;jet_parallax_layout_bg_size_tablet&quot;:&quot;&quot;,&quot;jet_parallax_layout_bg_size_mobile&quot;:&quot;&quot;,&quot;jet_parallax_layout_animation_prop&quot;:&quot;transform&quot;,&quot;jet_parallax_layout_on&quot;:[&quot;desktop&quot;,&quot;tablet&quot;]}]}\">\n\t\t\t\t\t\t<div class=\"elementor-container elementor-column-gap-default\">\n\t\t\t\t\t<div class=\"elementor-column elementor-col-100 elementor-top-column elementor-element elementor-element-544ad95\" data-id=\"544ad95\" data-element_type=\"column\" data-e-type=\"column\">\n\t\t\t<div class=\"elementor-widget-wrap elementor-element-populated\">\n\t\t\t\t\t\t<div class=\"elementor-element elementor-element-53eb40b elementor-widget elementor-widget-text-editor\" data-id=\"53eb40b\" data-element_type=\"widget\" data-e-type=\"widget\" data-widget_type=\"text-editor.default\">\n\t\t\t\t<div class=\"elementor-widget-container\">\n\t\t\t\t\t\t\t\t\t<p>F\u00fcr ein vitales und erholtes Aussehen.<\/p><p>Die Augen verraten viel \u00fcber unser Wohlbefinden. Sie k\u00f6nnen auch durch \u00fcbersch\u00fcssige Haut oder Fettansammlung einen m\u00fcden oder krankhaften Ausdruck darstellen, was aber oft nicht mit der Realit\u00e4t \u00fcbereinstimmt.<\/p><p><strong>Indikation<\/strong><\/p><p>Schlupflider oder \u00fcbersch\u00fcssige Haut im Bereich der Oberlider.<br \/>Tr\u00e4nens\u00e4cke oder Faltenbildung am Unterlid.<\/p><p><strong>Operation<\/strong><\/p><p>Die Lidstraffung ist eine der h\u00e4ufigsten Operationen in der \u00e4sthetisch-plastischen Chirurgie.<br \/>Es ist zwar ein relativ unkomplizierter und kurzer operativer Eingriff, ben\u00f6tigt aber auch eine lange operative Erfahrung um sch\u00f6ne und nat\u00fcrliche Resultate zu erzielen.<br \/>Am Oberlid wird das exakte Ausma\u00df der \u00fcbersch\u00fcssigen Haut aufgezeichnet, dieser Hautstreifen wird entfernt und die Narbe wird in die nat\u00fcrliche Lidfalte platziert, sodass sie sp\u00e4ter fast nicht mehr zu erkennen ist.<br \/>Die Unterlidstraffung kann durch ein Lidrandschnitt oder von der Schleimhaut aus korrigiert werden. Hier sind meistens Fettgewebsansammlungen zu entfernen (auch Tr\u00e4nens\u00e4cke genannt). <span style=\"color: #ff00ff;\"><a style=\"color: #ff00ff;\" href=\"https:\/\/medicon.de\/produkte\/praeparierschere-zur-gewebepraeparation\/\" target=\"_blank\" rel=\"noopener\">Speziell verwendete Instrumente<\/a><\/span> k\u00f6nnen Sie hier einsehen.<\/p><p><strong>Bet\u00e4ubung<\/strong><\/p><p>Die Operation ist nicht schmerzhaft und erfolgt in den meisten F\u00e4llen unter \u00f6rtlicher Bet\u00e4ubung mit einer winzigen Botox-Nadel. Bei sehr \u00e4ngstlichen Patienten kann der Eingriff auch in D\u00e4mmerschlaf oder Narkose durchgef\u00fchrt werden.<\/p><p><strong>Klinikaufenthalt<\/strong><\/p><p>Der Eingriff kann ambulant durchgef\u00fchrt werden, man sollte nur nicht selbst Auto fahren.<\/p><p><strong>Nach dem Eingriff<\/strong><\/p><p>Lokale K\u00fchlung mit Eispacks und Kopf hochlagern um Schwellungen und Bluterg\u00fcsse zu vermeiden.\u00a0F\u00e4denziehen nach 5-7 Tagen.<\/p><p><strong>Preise<\/strong><\/p><p>Bei der Beratung erfahren Sie exakt die Kosten f\u00fcr Ihre Operation. Sie sind speziell an die operativen Bed\u00fcrfnisse der Patientin angepasst.<\/p>\t\t\t\t\t\t\t\t<\/div>\n\t\t\t\t<\/div>\n\t\t\t\t\t<\/div>\n\t\t<\/div>\n\t\t\t\t\t<\/div>\n\t\t<\/section>\n\t\t\t\t<\/div>\n\t\t","protected":false},"excerpt":{"rendered":"<p>Lidstraffung (Lidplastik, Lidkorrektur) Dauer OP Narkoseart Klinikaufenthalt 40 Minuten \u00d6rtliche Bet\u00e4ubung Ambulant F\u00fcr ein vitales und erholtes Aussehen. Die Augen verraten viel \u00fcber unser Wohlbefinden. Sie k\u00f6nnen auch durch \u00fcbersch\u00fcssige Haut oder Fettansammlung einen m\u00fcden oder krankhaften Ausdruck darstellen, was aber oft nicht mit der Realit\u00e4t \u00fcbereinstimmt. Indikation Schlupflider oder \u00fcbersch\u00fcssige Haut im Bereich der [&hellip;]<\/p>\n","protected":false},"author":1,"featured_media":0,"parent":0,"menu_order":0,"comment_status":"closed","ping_status":"closed","template":"","meta":{"_acf_changed":false,"footnotes":""},"class_list":["post-1511","page","type-page","status-publish","hentry"],"acf":[],"yoast_head":"<!-- This site is optimized with the Yoast SEO plugin v27.3 - https:\/\/yoast.com\/product\/yoast-seo-wordpress\/ -->\n<title>Lidstraffung - Plastische Chirurgie Dr. Solz<\/title>\n<meta name=\"description\" content=\"Die Augen sind der Ausdruck der Seele. Die Lidstraffung ist eine einfache Operation mit einem sagenhaften Effekt.\" \/>\n<meta name=\"robots\" content=\"index, follow, max-snippet:-1, max-image-preview:large, max-video-preview:-1\" \/>\n<link rel=\"canonical\" href=\"https:\/\/drsolz.de\/en\/lidstraffung-mannheim\/\" \/>\n<meta property=\"og:locale\" content=\"en_GB\" \/>\n<meta property=\"og:type\" content=\"article\" \/>\n<meta property=\"og:title\" content=\"Lidstraffung - Plastische Chirurgie Dr. Solz\" \/>\n<meta property=\"og:description\" content=\"Die Augen sind der Ausdruck der Seele. Die Lidstraffung ist eine einfache Operation mit einem sagenhaften Effekt.\" \/>\n<meta property=\"og:url\" content=\"https:\/\/drsolz.de\/en\/lidstraffung-mannheim\/\" \/>\n<meta property=\"og:site_name\" content=\"Plastische Chirurgie Dr. Solz\" \/>\n<meta property=\"article:publisher\" content=\"https:\/\/www.facebook.com\/drhermannsolz\" \/>\n<meta property=\"article:modified_time\" content=\"2024-06-30T13:14:10+00:00\" \/>\n<meta name=\"twitter:card\" content=\"summary_large_image\" \/>\n<meta name=\"twitter:site\" content=\"@drhermannsolz\" \/>\n<meta name=\"twitter:label1\" content=\"Estimated reading time\" \/>\n\t<meta name=\"twitter:data1\" content=\"2 minutes\" \/>\n<script type=\"application\/ld+json\" class=\"yoast-schema-graph\">{\"@context\":\"https:\\\/\\\/schema.org\",\"@graph\":[{\"@type\":\"WebPage\",\"@id\":\"https:\\\/\\\/drsolz.de\\\/lidstraffung-mannheim\\\/\",\"url\":\"https:\\\/\\\/drsolz.de\\\/lidstraffung-mannheim\\\/\",\"name\":\"Lidstraffung - Plastische Chirurgie Dr. Solz\",\"isPartOf\":{\"@id\":\"https:\\\/\\\/drsolz.de\\\/#website\"},\"datePublished\":\"2021-05-15T06:54:27+00:00\",\"dateModified\":\"2024-06-30T13:14:10+00:00\",\"description\":\"Die Augen sind der Ausdruck der Seele. Die Lidstraffung ist eine einfache Operation mit einem sagenhaften Effekt.\",\"breadcrumb\":{\"@id\":\"https:\\\/\\\/drsolz.de\\\/lidstraffung-mannheim\\\/#breadcrumb\"},\"inLanguage\":\"en-GB\",\"potentialAction\":[{\"@type\":\"ReadAction\",\"target\":[\"https:\\\/\\\/drsolz.de\\\/lidstraffung-mannheim\\\/\"]}]},{\"@type\":\"BreadcrumbList\",\"@id\":\"https:\\\/\\\/drsolz.de\\\/lidstraffung-mannheim\\\/#breadcrumb\",\"itemListElement\":[{\"@type\":\"ListItem\",\"position\":1,\"name\":\"Startseite\",\"item\":\"https:\\\/\\\/drsolz.de\\\/\"},{\"@type\":\"ListItem\",\"position\":2,\"name\":\"Lidstraffung\"}]},{\"@type\":\"WebSite\",\"@id\":\"https:\\\/\\\/drsolz.de\\\/#website\",\"url\":\"https:\\\/\\\/drsolz.de\\\/\",\"name\":\"Plastische Chirurgie Dr. Solz\",\"description\":\"Facharzt f\u00fcr Plastische und \u00c4sthetische Chirurgie\",\"publisher\":{\"@id\":\"https:\\\/\\\/drsolz.de\\\/#organization\"},\"potentialAction\":[{\"@type\":\"SearchAction\",\"target\":{\"@type\":\"EntryPoint\",\"urlTemplate\":\"https:\\\/\\\/drsolz.de\\\/?s={search_term_string}\"},\"query-input\":{\"@type\":\"PropertyValueSpecification\",\"valueRequired\":true,\"valueName\":\"search_term_string\"}}],\"inLanguage\":\"en-GB\"},{\"@type\":\"Organization\",\"@id\":\"https:\\\/\\\/drsolz.de\\\/#organization\",\"name\":\"Plastische Chirurgie Dr. Solz\",\"url\":\"https:\\\/\\\/drsolz.de\\\/\",\"logo\":{\"@type\":\"ImageObject\",\"inLanguage\":\"en-GB\",\"@id\":\"https:\\\/\\\/drsolz.de\\\/#\\\/schema\\\/logo\\\/image\\\/\",\"url\":\"http:\\\/\\\/drsolz.de\\\/wp-content\\\/uploads\\\/2021\\\/06\\\/Dr_Solz_Facharzt.svg\",\"contentUrl\":\"http:\\\/\\\/drsolz.de\\\/wp-content\\\/uploads\\\/2021\\\/06\\\/Dr_Solz_Facharzt.svg\",\"width\":182.21,\"height\":91.22,\"caption\":\"Plastische Chirurgie Dr. Solz\"},\"image\":{\"@id\":\"https:\\\/\\\/drsolz.de\\\/#\\\/schema\\\/logo\\\/image\\\/\"},\"sameAs\":[\"https:\\\/\\\/www.facebook.com\\\/drhermannsolz\",\"https:\\\/\\\/x.com\\\/drhermannsolz\",\"https:\\\/\\\/www.instagram.com\\\/dr.hermann_solz\\\/\"]}]}<\/script>\n<!-- \/ Yoast SEO plugin. -->","yoast_head_json":{"title":"Lidstraffung - Plastische Chirurgie Dr. Solz","description":"Die Augen sind der Ausdruck der Seele. Die Lidstraffung ist eine einfache Operation mit einem sagenhaften Effekt.","robots":{"index":"index","follow":"follow","max-snippet":"max-snippet:-1","max-image-preview":"max-image-preview:large","max-video-preview":"max-video-preview:-1"},"canonical":"https:\/\/drsolz.de\/en\/lidstraffung-mannheim\/","og_locale":"en_GB","og_type":"article","og_title":"Lidstraffung - Plastische Chirurgie Dr. Solz","og_description":"Die Augen sind der Ausdruck der Seele. Die Lidstraffung ist eine einfache Operation mit einem sagenhaften Effekt.","og_url":"https:\/\/drsolz.de\/en\/lidstraffung-mannheim\/","og_site_name":"Plastische Chirurgie Dr. Solz","article_publisher":"https:\/\/www.facebook.com\/drhermannsolz","article_modified_time":"2024-06-30T13:14:10+00:00","twitter_card":"summary_large_image","twitter_site":"@drhermannsolz","twitter_misc":{"Estimated reading time":"2 minutes"},"schema":{"@context":"https:\/\/schema.org","@graph":[{"@type":"WebPage","@id":"https:\/\/drsolz.de\/lidstraffung-mannheim\/","url":"https:\/\/drsolz.de\/lidstraffung-mannheim\/","name":"Lidstraffung - Plastische Chirurgie Dr. Solz","isPartOf":{"@id":"https:\/\/drsolz.de\/#website"},"datePublished":"2021-05-15T06:54:27+00:00","dateModified":"2024-06-30T13:14:10+00:00","description":"Die Augen sind der Ausdruck der Seele. Die Lidstraffung ist eine einfache Operation mit einem sagenhaften Effekt.","breadcrumb":{"@id":"https:\/\/drsolz.de\/lidstraffung-mannheim\/#breadcrumb"},"inLanguage":"en-GB","potentialAction":[{"@type":"ReadAction","target":["https:\/\/drsolz.de\/lidstraffung-mannheim\/"]}]},{"@type":"BreadcrumbList","@id":"https:\/\/drsolz.de\/lidstraffung-mannheim\/#breadcrumb","itemListElement":[{"@type":"ListItem","position":1,"name":"Startseite","item":"https:\/\/drsolz.de\/"},{"@type":"ListItem","position":2,"name":"Lidstraffung"}]},{"@type":"WebSite","@id":"https:\/\/drsolz.de\/#website","url":"https:\/\/drsolz.de\/","name":"Plastic Surgery Dr. Solz","description":"Specialist in Plastic and Aesthetic Surgery","publisher":{"@id":"https:\/\/drsolz.de\/#organization"},"potentialAction":[{"@type":"SearchAction","target":{"@type":"EntryPoint","urlTemplate":"https:\/\/drsolz.de\/?s={search_term_string}"},"query-input":{"@type":"PropertyValueSpecification","valueRequired":true,"valueName":"search_term_string"}}],"inLanguage":"en-GB"},{"@type":"Organization","@id":"https:\/\/drsolz.de\/#organization","name":"Plastic Surgery Dr. Solz","url":"https:\/\/drsolz.de\/","logo":{"@type":"ImageObject","inLanguage":"en-GB","@id":"https:\/\/drsolz.de\/#\/schema\/logo\/image\/","url":"http:\/\/drsolz.de\/wp-content\/uploads\/2021\/06\/Dr_Solz_Facharzt.svg","contentUrl":"http:\/\/drsolz.de\/wp-content\/uploads\/2021\/06\/Dr_Solz_Facharzt.svg","width":182.21,"height":91.22,"caption":"Plastische Chirurgie Dr. Solz"},"image":{"@id":"https:\/\/drsolz.de\/#\/schema\/logo\/image\/"},"sameAs":["https:\/\/www.facebook.com\/drhermannsolz","https:\/\/x.com\/drhermannsolz","https:\/\/www.instagram.com\/dr.hermann_solz\/"]}]}},"_links":{"self":[{"href":"http:\/\/drsolz.de\/en\/wp-json\/wp\/v2\/pages\/1511","targetHints":{"allow":["GET"]}}],"collection":[{"href":"http:\/\/drsolz.de\/en\/wp-json\/wp\/v2\/pages"}],"about":[{"href":"http:\/\/drsolz.de\/en\/wp-json\/wp\/v2\/types\/page"}],"author":[{"embeddable":true,"href":"http:\/\/drsolz.de\/en\/wp-json\/wp\/v2\/users\/1"}],"replies":[{"embeddable":true,"href":"http:\/\/drsolz.de\/en\/wp-json\/wp\/v2\/comments?post=1511"}],"version-history":[{"count":48,"href":"http:\/\/drsolz.de\/en\/wp-json\/wp\/v2\/pages\/1511\/revisions"}],"predecessor-version":[{"id":4371,"href":"http:\/\/drsolz.de\/en\/wp-json\/wp\/v2\/pages\/1511\/revisions\/4371"}],"wp:attachment":[{"href":"http:\/\/drsolz.de\/en\/wp-json\/wp\/v2\/media?parent=1511"}],"curies":[{"name":"wp","href":"https:\/\/api.w.org\/{rel}","templated":true}]}}